{"id":6673,"date":"2025-06-23T20:28:34","date_gmt":"2025-06-23T20:28:34","guid":{"rendered":"https:\/\/utc.edu.mx\/?page_id=6673"},"modified":"2025-06-23T20:34:14","modified_gmt":"2025-06-23T20:34:14","slug":"aviso-de-privacidad","status":"publish","type":"page","link":"https:\/\/utc.edu.mx\/index.php\/aviso-de-privacidad\/","title":{"rendered":"AVISO DE PRIVACIDAD"},"content":{"rendered":"<p>[et_pb_section fb_built=\u00bb1&#8243; theme_builder_area=\u00bbpost_content\u00bb _builder_version=\u00bb4.27.4&#8243; _module_preset=\u00bbdefault\u00bb da_is_popup=\u00bboff\u00bb da_exit_intent=\u00bboff\u00bb da_has_close=\u00bbon\u00bb da_alt_close=\u00bboff\u00bb da_dark_close=\u00bboff\u00bb da_not_modal=\u00bbon\u00bb da_is_singular=\u00bboff\u00bb da_with_loader=\u00bboff\u00bb da_has_shadow=\u00bbon\u00bb da_disable_devices=\u00bboff|off|off\u00bb][et_pb_row _builder_version=\u00bb4.27.4&#8243; _module_preset=\u00bbdefault\u00bb theme_builder_area=\u00bbpost_content\u00bb][et_pb_column _builder_version=\u00bb4.27.4&#8243; _module_preset=\u00bbdefault\u00bb type=\u00bb4_4&#8243; theme_builder_area=\u00bbpost_content\u00bb][et_pb_text _builder_version=\u00bb4.27.4&#8243; _module_preset=\u00bbdefault\u00bb theme_builder_area=\u00bbpost_content\u00bb custom_margin=\u00bb60px||||false|false\u00bb text_orientation=\u00bbjustified\u00bb hover_enabled=\u00bb0&#8243; sticky_enabled=\u00bb0&#8243;]<\/p>\n<h1 style=\"text-align: center;\"><strong>AVISO DE PRIVACIDAD<\/strong><\/h1>\n<p>&nbsp;<\/p>\n<p>La Universidad Tecnol\u00f3gica de Coahuila, Organismo P\u00fablico Descentralizado del Gobierno del Estado de Coahuila con domicilio en Avenida Industria Metal\u00fargica 2001, Ramos Arizpe, Coahuila, es responsable de recabar sus datos personales, del uso que se le d\u00e9 a los mismos y de su protecci\u00f3n.<\/p>\n<p>Su informaci\u00f3n personal ser\u00e1 utilizada para proveer los servicios y productos que ha solicitado, informar sobre cambios en los mismos y evaluar la calidad de servicio que le brindamos. Para las finalidades antes mencionadas, requerimos obtener los datos personales por escrito, a trav\u00e9s de una solicitud de admisi\u00f3n, inscripci\u00f3n, reinscripci\u00f3n, titulaci\u00f3n en formato en papel, formato digital, correo electr\u00f3nico o cualquier otro documento considerado como sensible seg\u00fan la Ley Federal de Protecci\u00f3n de Datos Personales en Posesi\u00f3n de Sujetos Obligados. Manifestando que nos abstendremos de tratar los datos personales para finalidades distintas a las se\u00f1aladas en el presente documento.<\/p>\n<p>Usted tiene derecho a acceder, rectificar y cancelar datos personales, as\u00ed como de oponerse al tratamiento de los mismos o revocar el consentimiento que para tal fin nos haya otorgado, a requisitos y plazos acudiendo al departamento de Servicios Escolares o al \u00e1rea de Contralor\u00eda.<\/p>\n<p>Asimismo, le informamos que sus datos personales pueden ser transferidos y tratados para fines educativos dentro y fuera del estado, por personas distintas a esta Instituci\u00f3n. En ese sentido su informaci\u00f3n puede ser compartida con autoridades de cualquier nivel (Federales, Estatales, Municipales), con el prop\u00f3sito de certificar tus estudios, competencias, admisi\u00f3n, inscripci\u00f3n, bajas, tr\u00e1mites de becas, titulaci\u00f3n, registros, estad\u00edstica, promoci\u00f3n educativa as\u00ed como para participar en sus procesos de selecci\u00f3n y aplicar a los diversos puestos de trabajo vacantes que \u00e9stas publiquen en nuestra bolsa de trabajo; y se autoriza poder emitir y entregar documentaci\u00f3n oficial o no, a familiares y\/o representantes legales.\u00a0<\/p>\n<p>Se implementar\u00e1n las medidas de seguridad conforme a los instrumentos jur\u00eddicos aplicables para la\u00a0confidencialidad y\u00a0protecci\u00f3n de sus datos personales.<\/p>\n<p>&nbsp;<\/p>\n<h1 style=\"text-align: center;\"><strong>Consentimiento general<\/strong><\/h1>\n<p>&nbsp;<\/p>\n<p>Habi\u00e9ndose puesto a disposici\u00f3n del Titular este Aviso de Privacidad y sus modificaciones, y no habiendo manifestado inmediatamente oposici\u00f3n alguna, se entender\u00e1 que el titular ha consentido t\u00e1citamente el tratamiento de sus datos.<\/p>\n<p>Si el titular proporcion\u00f3 sus datos verbalmente, por escrito, por medios electr\u00f3nicos, \u00f3pticos o por cualquier otra tecnolog\u00eda, o por signos inequ\u00edvocos, se entender\u00e1 que ha dado su consentimiento expreso del uso de dicha informaci\u00f3n.<\/p>\n<p>Usted podr\u00e1 ejercer sus derechos de Acceso, Rectificaci\u00f3n, Cancelaci\u00f3n y Oposici\u00f3n (ARCO) ante la Unidad de Transparencia de esta Universidad Tecnol\u00f3gica de Coahuila, ubicada en Avenida Industria Metal\u00fargica 2001, Ramos Arizpe, Coahuila.<\/p>\n<p>En caso de que exista un cambio de este aviso de privacidad, lo haremos del conocimiento en nuestro portal de internet\u00a0www.utc.edu.mx.<\/p>\n<p>[\/et_pb_text][\/et_pb_column][\/et_pb_row][\/et_pb_section]<\/p>\n","protected":false},"excerpt":{"rendered":"<p>AVISO DE PRIVACIDAD &nbsp; La Universidad Tecnol\u00f3gica de Coahuila, Organismo P\u00fablico Descentralizado del Gobierno del Estado de Coahuila con domicilio en Avenida Industria Metal\u00fargica 2001, Ramos Arizpe, Coahuila, es responsable de recabar sus datos personales, del uso que se le d\u00e9 a los mismos y de su protecci\u00f3n. Su informaci\u00f3n personal ser\u00e1 utilizada para proveer [&hellip;]<\/p>\n","protected":false},"author":1,"featured_media":0,"parent":0,"menu_order":0,"comment_status":"closed","ping_status":"closed","template":"","meta":{"_et_pb_use_builder":"on","_et_pb_old_content":"","_et_gb_content_width":"","footnotes":""},"class_list":["post-6673","page","type-page","status-publish","hentry"],"jetpack_sharing_enabled":true,"_links":{"self":[{"href":"https:\/\/utc.edu.mx\/index.php\/wp-json\/wp\/v2\/pages\/6673","targetHints":{"allow":["GET"]}}],"collection":[{"href":"https:\/\/utc.edu.mx\/index.php\/wp-json\/wp\/v2\/pages"}],"about":[{"href":"https:\/\/utc.edu.mx\/index.php\/wp-json\/wp\/v2\/types\/page"}],"author":[{"embeddable":true,"href":"https:\/\/utc.edu.mx\/index.php\/wp-json\/wp\/v2\/users\/1"}],"replies":[{"embeddable":true,"href":"https:\/\/utc.edu.mx\/index.php\/wp-json\/wp\/v2\/comments?post=6673"}],"version-history":[{"count":3,"href":"https:\/\/utc.edu.mx\/index.php\/wp-json\/wp\/v2\/pages\/6673\/revisions"}],"predecessor-version":[{"id":6677,"href":"https:\/\/utc.edu.mx\/index.php\/wp-json\/wp\/v2\/pages\/6673\/revisions\/6677"}],"wp:attachment":[{"href":"https:\/\/utc.edu.mx\/index.php\/wp-json\/wp\/v2\/media?parent=6673"}],"curies":[{"name":"wp","href":"https:\/\/api.w.org\/{rel}","templated":true}]}}