{"id":4700,"date":"2024-08-15T20:31:46","date_gmt":"2024-08-15T20:31:46","guid":{"rendered":"https:\/\/utc.edu.mx\/?page_id=4700"},"modified":"2024-08-21T21:40:48","modified_gmt":"2024-08-21T21:40:48","slug":"organismos-publicos","status":"publish","type":"page","link":"https:\/\/utc.edu.mx\/index.php\/organismos-publicos\/","title":{"rendered":"ORGANISMOS-PUBLICOS"},"content":{"rendered":"<p>[et_pb_section fb_built=\u00bb1&#8243; _builder_version=\u00bb4.27.0&#8243; _module_preset=\u00bbdefault\u00bb da_disable_devices=\u00bboff|off|off\u00bb global_colors_info=\u00bb{}\u00bb da_is_popup=\u00bboff\u00bb da_exit_intent=\u00bboff\u00bb da_has_close=\u00bbon\u00bb da_alt_close=\u00bboff\u00bb da_dark_close=\u00bboff\u00bb da_not_modal=\u00bbon\u00bb da_is_singular=\u00bboff\u00bb da_with_loader=\u00bboff\u00bb da_has_shadow=\u00bbon\u00bb][et_pb_row _builder_version=\u00bb4.27.0&#8243; _module_preset=\u00bbdefault\u00bb global_colors_info=\u00bb{}\u00bb][et_pb_column type=\u00bb4_4&#8243; _builder_version=\u00bb4.27.0&#8243; _module_preset=\u00bbdefault\u00bb global_colors_info=\u00bb{}\u00bb][et_pb_text _builder_version=\u00bb4.27.0&#8243; _module_preset=\u00bbdefault\u00bb text_font=\u00bbRoboto|700||on|||||\u00bb text_text_color=\u00bb#0f2755&#8243; text_font_size=\u00bb28px\u00bb text_orientation=\u00bbcenter\u00bb custom_margin=\u00bb80px||||false|false\u00bb custom_margin_tablet=\u00bb80px||||false|false\u00bb custom_margin_phone=\u00bb50px||||false|false\u00bb custom_margin_last_edited=\u00bbon|phone\u00bb text_font_size_tablet=\u00bb28px\u00bb text_font_size_phone=\u00bb22px\u00bb text_font_size_last_edited=\u00bbon|phone\u00bb global_colors_info=\u00bb{}\u00bb]<\/p>\n<p>Organismos empresariales<\/p>\n<p>[\/et_pb_text][et_pb_text _builder_version=\u00bb4.27.0&#8243; _module_preset=\u00bbdefault\u00bb text_font=\u00bbRoboto|700|||||||\u00bb text_text_color=\u00bb#000000&#8243; text_font_size=\u00bb15px\u00bb text_orientation=\u00bbcenter\u00bb text_font_size_tablet=\u00bb15px\u00bb text_font_size_phone=\u00bb12px\u00bb text_font_size_last_edited=\u00bbon|phone\u00bb global_colors_info=\u00bb{}\u00bb]<\/p>\n<p>La Universidad Tecnol\u00f3gica de Coahuila\u00a0 establece en su agenda como prioridad la vinculaci\u00f3n con el entorno industrial, social \u00a0y organismos\u00a0 \u00a0empresariales, con la finalidad \u00a0de fortalecer \u00a0redes de conexi\u00f3n y acuerdos de colaboraci\u00f3n que coadyuven al logro de las metas acad\u00e9micas de la instituci\u00f3n,\u00a0 se evalue\u00a0 la pertinencia de los programas educativos tanto de nivel de T\u00e9cnico Superior Universitario, Ingenier\u00edas, Licenciaturas y posgrados a fin de entregar el capital humano que demanda la regi\u00f3n y se logre la inserci\u00f3n laboral de los egresados.<\/p>\n<p>[\/et_pb_text][\/et_pb_column][\/et_pb_row][et_pb_row column_structure=\u00bb1_3,1_3,1_3&#8243; _builder_version=\u00bb4.27.0&#8243; _module_preset=\u00bbdefault\u00bb global_colors_info=\u00bb{}\u00bb][et_pb_column type=\u00bb1_3&#8243; _builder_version=\u00bb4.27.0&#8243; _module_preset=\u00bbdefault\u00bb global_colors_info=\u00bb{}\u00bb][dsm_image_reveal reveal_text=\u00bbC\u00e1mara Nacional de la Industria de Restaurantes y Alimentos Condimentados.\u00bb src=\u00bbhttps:\/\/utc.edu.mx\/wp-content\/uploads\/2024\/08\/CANIRAC-2.jpeg\u00bb title_text=\u00bbCANIRAC 2&#8243; reveal_overlay_color=\u00bbrgba(0,0,0,0.48)\u00bb _builder_version=\u00bb4.27.0&#8243; _module_preset=\u00bbdefault\u00bb hover_enabled=\u00bb0&#8243; global_colors_info=\u00bb{}\u00bb border_radii=\u00bbon|20px|20px|20px|20px\u00bb sticky_enabled=\u00bb0&#8243;][\/dsm_image_reveal][\/et_pb_column][et_pb_column type=\u00bb1_3&#8243; _builder_version=\u00bb4.27.0&#8243; _module_preset=\u00bbdefault\u00bb global_colors_info=\u00bb{}\u00bb][dsm_image_reveal reveal_text=\u00bbC\u00e1mara Nacional de la Industria de Transformaci\u00f3n.\u00bb src=\u00bbhttps:\/\/utc.edu.mx\/wp-content\/uploads\/2024\/08\/CANACINTRA.jpg\u00bb title_text=\u00bbCANACINTRA\u00bb reveal_overlay_color=\u00bbrgba(0,0,0,0.48)\u00bb align=\u00bbcenter\u00bb _builder_version=\u00bb4.27.0&#8243; _module_preset=\u00bbdefault\u00bb height=\u00bb197px\u00bb custom_padding=\u00bb||||false|false\u00bb hover_enabled=\u00bb0&#8243; global_colors_info=\u00bb{}\u00bb background_enable_color=\u00bboff\u00bb sticky_enabled=\u00bb0&#8243; border_radii=\u00bbon|20px|20px|20px|20px\u00bb][\/dsm_image_reveal][\/et_pb_column][et_pb_column type=\u00bb1_3&#8243; _builder_version=\u00bb4.27.0&#8243; _module_preset=\u00bbdefault\u00bb global_colors_info=\u00bb{}\u00bb][dsm_image_reveal reveal_text=\u00bbConfederaci\u00f3n Patronal de la Rep\u00fablica Mexicana Coahuila Sureste.\u00bb src=\u00bbhttps:\/\/utc.edu.mx\/wp-content\/uploads\/2024\/08\/COPARMEX.jpg\u00bb title_text=\u00bbCOPARMEX\u00bb reveal_overlay_color=\u00bbrgba(0,0,0,0.48)\u00bb _builder_version=\u00bb4.27.0&#8243; _module_preset=\u00bbdefault\u00bb hover_enabled=\u00bb0&#8243; global_colors_info=\u00bb{}\u00bb sticky_enabled=\u00bb0&#8243; border_radii=\u00bbon|20px|20px|20px|20px\u00bb][\/dsm_image_reveal][\/et_pb_column][\/et_pb_row][et_pb_row column_structure=\u00bb1_3,1_3,1_3&#8243; _builder_version=\u00bb4.27.0&#8243; _module_preset=\u00bbdefault\u00bb global_colors_info=\u00bb{}\u00bb][et_pb_column type=\u00bb1_3&#8243; _builder_version=\u00bb4.27.0&#8243; _module_preset=\u00bbdefault\u00bb global_colors_info=\u00bb{}\u00bb][dsm_image_reveal reveal_text=\u00bbAsociaci\u00f3n de administradores de recursos humanos Coahuila sureste.\u00bb src=\u00bbhttps:\/\/utc.edu.mx\/wp-content\/uploads\/2024\/08\/ARCOS.jpg\u00bb title_text=\u00bbARCOS\u00bb reveal_overlay_color=\u00bbrgba(0,0,0,0.48)\u00bb _builder_version=\u00bb4.27.0&#8243; _module_preset=\u00bbdefault\u00bb hover_enabled=\u00bb0&#8243; global_colors_info=\u00bb{}\u00bb border_radii=\u00bbon|20px|20px|20px|20px\u00bb sticky_enabled=\u00bb0&#8243;][\/dsm_image_reveal][\/et_pb_column][et_pb_column type=\u00bb1_3&#8243; _builder_version=\u00bb4.27.0&#8243; _module_preset=\u00bbdefault\u00bb global_colors_info=\u00bb{}\u00bb][dsm_image_reveal reveal_text=\u00bbComit\u00e9 Internacional de Ciudades Hermanas.\u00bb src=\u00bbhttps:\/\/utc.edu.mx\/wp-content\/uploads\/2024\/08\/CIS.jpg\u00bb title_text=\u00bbCIS\u00bb reveal_overlay_color=\u00bbrgba(0,0,0,0.48)\u00bb align=\u00bbcenter\u00bb _builder_version=\u00bb4.27.0&#8243; _module_preset=\u00bbdefault\u00bb height=\u00bb197px\u00bb custom_padding=\u00bb||||false|false\u00bb hover_enabled=\u00bb0&#8243; global_colors_info=\u00bb{}\u00bb background_enable_color=\u00bboff\u00bb sticky_enabled=\u00bb0&#8243; border_radii=\u00bbon|20px|20px|20px|20px\u00bb][\/dsm_image_reveal][\/et_pb_column][et_pb_column type=\u00bb1_3&#8243; _builder_version=\u00bb4.27.0&#8243; _module_preset=\u00bbdefault\u00bb global_colors_info=\u00bb{}\u00bb][dsm_image_reveal reveal_text=\u00bbPatronato de bomberos.\u00bb src=\u00bbhttps:\/\/utc.edu.mx\/wp-content\/uploads\/2024\/08\/BOMBER.jpg\u00bb title_text=\u00bbBOMBER\u00bb reveal_overlay_color=\u00bbrgba(0,0,0,0.48)\u00bb _builder_version=\u00bb4.27.0&#8243; _module_preset=\u00bbdefault\u00bb hover_enabled=\u00bb0&#8243; global_colors_info=\u00bb{}\u00bb sticky_enabled=\u00bb0&#8243; border_radii=\u00bbon|20px|20px|20px|20px\u00bb][\/dsm_image_reveal][\/et_pb_column][\/et_pb_row][et_pb_row column_structure=\u00bb1_3,1_3,1_3&#8243; _builder_version=\u00bb4.27.0&#8243; _module_preset=\u00bbdefault\u00bb global_colors_info=\u00bb{}\u00bb][et_pb_column type=\u00bb1_3&#8243; _builder_version=\u00bb4.27.0&#8243; _module_preset=\u00bbdefault\u00bb global_colors_info=\u00bb{}\u00bb][dsm_image_reveal reveal_text=\u00bbAsociaci\u00f3n de Industriales de Ramos Arizpe.\u00bb src=\u00bbhttps:\/\/utc.edu.mx\/wp-content\/uploads\/2024\/08\/AIERA.jpg\u00bb title_text=\u00bbAIERA\u00bb reveal_overlay_color=\u00bbrgba(0,0,0,0.48)\u00bb _builder_version=\u00bb4.27.0&#8243; _module_preset=\u00bbdefault\u00bb hover_enabled=\u00bb0&#8243; global_colors_info=\u00bb{}\u00bb border_radii=\u00bbon|20px|20px|20px|20px\u00bb sticky_enabled=\u00bb0&#8243;][\/dsm_image_reveal][\/et_pb_column][et_pb_column type=\u00bb1_3&#8243; _builder_version=\u00bb4.27.0&#8243; _module_preset=\u00bbdefault\u00bb global_colors_info=\u00bb{}\u00bb][dsm_image_reveal reveal_text=\u00bbCl\u00faster de la Industria Automotriz de Coahuila.\u00bb src=\u00bbhttps:\/\/utc.edu.mx\/wp-content\/uploads\/2024\/08\/CIAC.jpg\u00bb title_text=\u00bbCIAC\u00bb reveal_overlay_color=\u00bbrgba(0,0,0,0.48)\u00bb align=\u00bbcenter\u00bb _builder_version=\u00bb4.27.0&#8243; _module_preset=\u00bbdefault\u00bb height=\u00bb197px\u00bb custom_padding=\u00bb||||false|false\u00bb hover_enabled=\u00bb0&#8243; global_colors_info=\u00bb{}\u00bb background_enable_color=\u00bboff\u00bb sticky_enabled=\u00bb0&#8243; border_radii=\u00bbon|20px|20px|20px|20px\u00bb][\/dsm_image_reveal][\/et_pb_column][et_pb_column type=\u00bb1_3&#8243; _builder_version=\u00bb4.27.0&#8243; _module_preset=\u00bbdefault\u00bb global_colors_info=\u00bb{}\u00bb][dsm_image_reveal reveal_text=\u00bbRed Sumarse.\u00bb src=\u00bbhttps:\/\/utc.edu.mx\/wp-content\/uploads\/2024\/08\/SUMARSE.jpg\u00bb title_text=\u00bbSUMARSE\u00bb reveal_overlay_color=\u00bbrgba(0,0,0,0.48)\u00bb _builder_version=\u00bb4.27.0&#8243; _module_preset=\u00bbdefault\u00bb hover_enabled=\u00bb0&#8243; global_colors_info=\u00bb{}\u00bb sticky_enabled=\u00bb0&#8243; border_radii=\u00bbon|20px|20px|20px|20px\u00bb][\/dsm_image_reveal][\/et_pb_column][\/et_pb_row][et_pb_row column_structure=\u00bb1_3,1_3,1_3&#8243; _builder_version=\u00bb4.27.0&#8243; _module_preset=\u00bbdefault\u00bb global_colors_info=\u00bb{}\u00bb][et_pb_column type=\u00bb1_3&#8243; _builder_version=\u00bb4.27.0&#8243; _module_preset=\u00bbdefault\u00bb global_colors_info=\u00bb{}\u00bb][\/et_pb_column][et_pb_column type=\u00bb1_3&#8243; _builder_version=\u00bb4.27.0&#8243; _module_preset=\u00bbdefault\u00bb global_colors_info=\u00bb{}\u00bb][dsm_image_reveal reveal_text=\u00bbRed de Incubadoras de Universidades Tecnol\u00f3gicas y Polit\u00e9cnica.\u00bb src=\u00bbhttps:\/\/utc.edu.mx\/wp-content\/uploads\/2024\/08\/RED.jpg\u00bb title_text=\u00bbRED\u00bb reveal_overlay_color=\u00bbrgba(0,0,0,0.48)\u00bb align=\u00bbcenter\u00bb _builder_version=\u00bb4.27.0&#8243; _module_preset=\u00bbdefault\u00bb height=\u00bb197px\u00bb custom_padding=\u00bb||||false|false\u00bb hover_enabled=\u00bb0&#8243; global_colors_info=\u00bb{}\u00bb background_enable_color=\u00bboff\u00bb sticky_enabled=\u00bb0&#8243; border_radii=\u00bbon|20px|20px|20px|20px\u00bb][\/dsm_image_reveal][\/et_pb_column][et_pb_column type=\u00bb1_3&#8243; _builder_version=\u00bb4.27.0&#8243; _module_preset=\u00bbdefault\u00bb global_colors_info=\u00bb{}\u00bb][\/et_pb_column][\/et_pb_row][\/et_pb_section]<\/p>\n","protected":false},"excerpt":{"rendered":"<p>Organismos empresarialesLa Universidad Tecnol\u00f3gica de Coahuila\u00a0 establece en su agenda como prioridad la vinculaci\u00f3n con el entorno industrial, social \u00a0y organismos\u00a0 \u00a0empresariales, con la finalidad \u00a0de fortalecer \u00a0redes de conexi\u00f3n y acuerdos de colaboraci\u00f3n que coadyuven al logro de las metas acad\u00e9micas de la instituci\u00f3n,\u00a0 se evalue\u00a0 la pertinencia de los programas educativos tanto de [&hellip;]<\/p>\n","protected":false},"author":1,"featured_media":0,"parent":0,"menu_order":0,"comment_status":"closed","ping_status":"closed","template":"","meta":{"_et_pb_use_builder":"on","_et_pb_old_content":"","_et_gb_content_width":"","footnotes":""},"class_list":["post-4700","page","type-page","status-publish","hentry"],"jetpack_sharing_enabled":true,"_links":{"self":[{"href":"https:\/\/utc.edu.mx\/index.php\/wp-json\/wp\/v2\/pages\/4700","targetHints":{"allow":["GET"]}}],"collection":[{"href":"https:\/\/utc.edu.mx\/index.php\/wp-json\/wp\/v2\/pages"}],"about":[{"href":"https:\/\/utc.edu.mx\/index.php\/wp-json\/wp\/v2\/types\/page"}],"author":[{"embeddable":true,"href":"https:\/\/utc.edu.mx\/index.php\/wp-json\/wp\/v2\/users\/1"}],"replies":[{"embeddable":true,"href":"https:\/\/utc.edu.mx\/index.php\/wp-json\/wp\/v2\/comments?post=4700"}],"version-history":[{"count":22,"href":"https:\/\/utc.edu.mx\/index.php\/wp-json\/wp\/v2\/pages\/4700\/revisions"}],"predecessor-version":[{"id":4824,"href":"https:\/\/utc.edu.mx\/index.php\/wp-json\/wp\/v2\/pages\/4700\/revisions\/4824"}],"wp:attachment":[{"href":"https:\/\/utc.edu.mx\/index.php\/wp-json\/wp\/v2\/media?parent=4700"}],"curies":[{"name":"wp","href":"https:\/\/api.w.org\/{rel}","templated":true}]}}