{"id":3902,"date":"2024-07-02T16:55:04","date_gmt":"2024-07-02T16:55:04","guid":{"rendered":"https:\/\/utc.edu.mx\/?page_id=3902"},"modified":"2026-02-13T19:41:20","modified_gmt":"2026-02-13T19:41:20","slug":"titulacion-tsu","status":"publish","type":"page","link":"https:\/\/utc.edu.mx\/index.php\/titulacion-tsu\/","title":{"rendered":"TITULACION-TSU"},"content":{"rendered":"<p>[et_pb_section fb_built=\u00bb1&#8243; _builder_version=\u00bb4.25.2&#8243; _module_preset=\u00bbdefault\u00bb da_disable_devices=\u00bboff|off|off\u00bb global_colors_info=\u00bb{}\u00bb da_is_popup=\u00bboff\u00bb da_exit_intent=\u00bboff\u00bb da_has_close=\u00bbon\u00bb da_alt_close=\u00bboff\u00bb da_dark_close=\u00bboff\u00bb da_not_modal=\u00bbon\u00bb da_is_singular=\u00bboff\u00bb da_with_loader=\u00bboff\u00bb da_has_shadow=\u00bbon\u00bb][et_pb_row column_structure=\u00bb1_4,3_4&#8243; _builder_version=\u00bb4.25.2&#8243; _module_preset=\u00bbdefault\u00bb global_colors_info=\u00bb{}\u00bb][et_pb_column type=\u00bb1_4&#8243; _builder_version=\u00bb4.25.2&#8243; _module_preset=\u00bbdefault\u00bb global_colors_info=\u00bb{}\u00bb][dsm_icon_list list_alignment=\u00bbcenter\u00bb _builder_version=\u00bb4.27.5&#8243; _module_preset=\u00bbdefault\u00bb background_color=\u00bb#008260&#8243; min_height=\u00bb205px\u00bb hover_enabled=\u00bb0&#8243; border_radii=\u00bboff|||20px|20px\u00bb global_colors_info=\u00bb{}\u00bb sticky_enabled=\u00bb0&#8243;][dsm_icon_list_child text=\u00bbCONTACTO\u00bb use_icon=\u00bboff\u00bb _builder_version=\u00bb4.25.2&#8243; _module_preset=\u00bbdefault\u00bb text_font=\u00bbRoboto|700|||||||\u00bb text_text_color=\u00bb#FFFFFF\u00bb text_font_size=\u00bb28px\u00bb global_colors_info=\u00bb{}\u00bb][\/dsm_icon_list_child][dsm_icon_list_child text=\u00bbLic. Ayde Margarita Quintero Saucedo\u00bb use_icon=\u00bboff\u00bb _builder_version=\u00bb4.25.2&#8243; _module_preset=\u00bbdefault\u00bb text_font=\u00bbRoboto|700|||||||\u00bb text_text_color=\u00bb#FFFFFF\u00bb global_colors_info=\u00bb{}\u00bb][\/dsm_icon_list_child][dsm_icon_list_child text=\u00bbtitulaci\u00f3n@utc.edu.mx\u00bb font_icon=\u00bb&#xf0e0;||fa||900&#8243; icon_color=\u00bb#FFFFFF\u00bb _builder_version=\u00bb4.25.2&#8243; _module_preset=\u00bbdefault\u00bb text_font=\u00bbRoboto|700|||||||\u00bb text_text_color=\u00bb#FFFFFF\u00bb global_colors_info=\u00bb{}\u00bb][\/dsm_icon_list_child][dsm_icon_list_child text=\u00bb844 288 3800&#8243; font_icon=\u00bb&#xf879;||fa||900&#8243; icon_color=\u00bb#FFFFFF\u00bb _builder_version=\u00bb4.25.2&#8243; _module_preset=\u00bbdefault\u00bb text_font=\u00bbRoboto|700|||||||\u00bb text_text_color=\u00bb#FFFFFF\u00bb global_colors_info=\u00bb{}\u00bb][\/dsm_icon_list_child][dsm_icon_list_child text=\u00bbext. 1204,1208,1209&#8243; use_icon=\u00bboff\u00bb _builder_version=\u00bb4.27.5&#8243; _module_preset=\u00bbdefault\u00bb text_font=\u00bbRoboto|700|||||||\u00bb text_text_color=\u00bb#FFFFFF\u00bb hover_enabled=\u00bb0&#8243; global_colors_info=\u00bb{}\u00bb sticky_enabled=\u00bb0&#8243;][\/dsm_icon_list_child][\/dsm_icon_list][\/et_pb_column][et_pb_column type=\u00bb3_4&#8243; _builder_version=\u00bb4.25.2&#8243; _module_preset=\u00bbdefault\u00bb global_colors_info=\u00bb{}\u00bb][et_pb_text _builder_version=\u00bb4.27.4&#8243; _module_preset=\u00bbdefault\u00bb text_font=\u00bbRoboto|700|||||||\u00bb text_text_color=\u00bb#0f2755&#8243; text_font_size=\u00bb28px\u00bb text_line_height=\u00bb1.8em\u00bb text_orientation=\u00bbcenter\u00bb custom_margin=\u00bb60px||||false|false\u00bb custom_margin_tablet=\u00bb60px||||false|false\u00bb custom_margin_phone=\u00bb5px||||false|false\u00bb custom_margin_last_edited=\u00bbon|phone\u00bb text_font_size_tablet=\u00bb28px\u00bb text_font_size_phone=\u00bb20px\u00bb text_font_size_last_edited=\u00bbon|phone\u00bb global_colors_info=\u00bb{}\u00bb]<\/p>\n<p>TR\u00c1MITE DE TITULACI\u00d3N DE T\u00c9CNICO SUPERIOR UNIVERSITARIO\u00a0<\/p>\n<p>[\/et_pb_text][\/et_pb_column][\/et_pb_row][et_pb_row column_structure=\u00bb1_5,3_5,1_5&#8243; use_custom_gutter=\u00bbon\u00bb gutter_width=\u00bb1&#8243; make_equal=\u00bbon\u00bb _builder_version=\u00bb4.25.2&#8243; _module_preset=\u00bbdefault\u00bb width=\u00bb50%\u00bb width_tablet=\u00bb100%\u00bb width_phone=\u00bb100%\u00bb width_last_edited=\u00bbon|phone\u00bb module_alignment=\u00bbcenter\u00bb global_colors_info=\u00bb{}\u00bb][et_pb_column type=\u00bb1_5&#8243; _builder_version=\u00bb4.25.2&#8243; _module_preset=\u00bbdefault\u00bb global_colors_info=\u00bb{}\u00bb custom_css_main_element_last_edited=\u00bbon|phone\u00bb custom_css_main_element_phone=\u00bbwidth:20% ! important;\u00bb][et_pb_divider color=\u00bb#008260&#8243; divider_weight=\u00bb3px\u00bb _builder_version=\u00bb4.25.2&#8243; _module_preset=\u00bbdefault\u00bb width=\u00bb80%\u00bb width_tablet=\u00bb30%\u00bb width_phone=\u00bb70%\u00bb width_last_edited=\u00bbon|phone\u00bb module_alignment=\u00bbright\u00bb global_colors_info=\u00bb{}\u00bb width__hover_enabled=\u00bbon|desktop\u00bb width__hover=\u00bb80%\u00bb][\/et_pb_divider][\/et_pb_column][et_pb_column type=\u00bb3_5&#8243; _builder_version=\u00bb4.25.2&#8243; _module_preset=\u00bbdefault\u00bb global_colors_info=\u00bb{}\u00bb custom_css_main_element_last_edited=\u00bbon|phone\u00bb custom_css_main_element_phone=\u00bbwidth:60% ! important;\u00bb][et_pb_text _builder_version=\u00bb4.25.2&#8243; _module_preset=\u00bbdefault\u00bb text_font=\u00bbRoboto|700|||||||\u00bb text_text_color=\u00bb#000000&#8243; text_font_size=\u00bb18px\u00bb text_orientation=\u00bbcenter\u00bb width_tablet=\u00bb100%\u00bb width_phone=\u00bb100%\u00bb width_last_edited=\u00bbon|desktop\u00bb custom_margin=\u00bb-9px||||false|false\u00bb global_colors_info=\u00bb{}\u00bb]<\/p>\n<p>El tr\u00e1mite es personal y lo debe realizar \u00fanicamente el interesado<\/p>\n<p>[\/et_pb_text][\/et_pb_column][et_pb_column type=\u00bb1_5&#8243; _builder_version=\u00bb4.25.2&#8243; _module_preset=\u00bbdefault\u00bb global_colors_info=\u00bb{}\u00bb custom_css_main_element_last_edited=\u00bbon|phone\u00bb custom_css_main_element_phone=\u00bbwidth:20% ! important;\u00bb][et_pb_divider color=\u00bb#008260&#8243; divider_weight=\u00bb3px\u00bb _builder_version=\u00bb4.25.2&#8243; _module_preset=\u00bbdefault\u00bb width=\u00bb80%\u00bb width_tablet=\u00bb30%\u00bb width_phone=\u00bb70%\u00bb width_last_edited=\u00bbon|phone\u00bb module_alignment=\u00bbleft\u00bb global_colors_info=\u00bb{}\u00bb][\/et_pb_divider][\/et_pb_column][\/et_pb_row][et_pb_row column_structure=\u00bb3_5,2_5&#8243; _builder_version=\u00bb4.27.4&#8243; _module_preset=\u00bbdefault\u00bb custom_margin=\u00bb||10px||false|false\u00bb border_width_all=\u00bb3px\u00bb global_colors_info=\u00bb{}\u00bb][et_pb_column type=\u00bb3_5&#8243; _builder_version=\u00bb4.27.4&#8243; _module_preset=\u00bbdefault\u00bb global_colors_info=\u00bb{}\u00bb][et_pb_text _builder_version=\u00bb4.27.4&#8243; _module_preset=\u00bbdefault\u00bb text_font=\u00bb|700|||||||\u00bb text_text_color=\u00bb#000000&#8243; text_font_size=\u00bb18px\u00bb text_orientation=\u00bbcenter\u00bb global_colors_info=\u00bb{}\u00bb]<\/p>\n<p>Personal al Servicio de Tr\u00e1mite de Titulaci\u00f3n<\/p>\n<p>[\/et_pb_text][dsm_icon_list list_alignment=\u00bbcenter\u00bb _builder_version=\u00bb4.27.5&#8243; _module_preset=\u00bbdefault\u00bb global_colors_info=\u00bb{}\u00bb][dsm_icon_list_child text=\u00bbLic. Ayde Margarita Quintero Saucedo\u00bb use_icon=\u00bboff\u00bb _builder_version=\u00bb4.27.4&#8243; _module_preset=\u00bbdefault\u00bb global_colors_info=\u00bb{}\u00bb][\/dsm_icon_list_child][dsm_icon_list_child text=\u00bbIng. Gabriela M. Fern\u00e1ndez de los R\u00edos\u00bb use_icon=\u00bboff\u00bb _builder_version=\u00bb4.27.4&#8243; _module_preset=\u00bbdefault\u00bb global_colors_info=\u00bb{}\u00bb][\/dsm_icon_list_child][dsm_icon_list_child text=\u00bbLic. Laura Zapatero Ar\u00e1mbula\u00bb use_icon=\u00bboff\u00bb _builder_version=\u00bb4.27.5&#8243; _module_preset=\u00bbdefault\u00bb global_colors_info=\u00bb{}\u00bb][\/dsm_icon_list_child][\/dsm_icon_list][\/et_pb_column][et_pb_column type=\u00bb2_5&#8243; _builder_version=\u00bb4.27.4&#8243; _module_preset=\u00bbdefault\u00bb global_colors_info=\u00bb{}\u00bb][et_pb_text _builder_version=\u00bb4.27.4&#8243; _module_preset=\u00bbdefault\u00bb text_font=\u00bb|700|||||||\u00bb text_text_color=\u00bb#000000&#8243; text_font_size=\u00bb18px\u00bb text_orientation=\u00bbcenter\u00bb global_colors_info=\u00bb{}\u00bb]<\/p>\n<p>Horario de Atenci\u00f3n<\/p>\n<p>[\/et_pb_text][et_pb_text _builder_version=\u00bb4.27.5&#8243; _module_preset=\u00bbdefault\u00bb text_orientation=\u00bbcenter\u00bb global_colors_info=\u00bb{}\u00bb]<\/p>\n<p>De lunes a viernes<\/p>\n<p>De 8:00 a 16:30 horas<\/p>\n<p>[\/et_pb_text][\/et_pb_column][\/et_pb_row][et_pb_row _builder_version=\u00bb4.25.2&#8243; _module_preset=\u00bbdefault\u00bb global_colors_info=\u00bb{}\u00bb][et_pb_column type=\u00bb4_4&#8243; _builder_version=\u00bb4.25.2&#8243; _module_preset=\u00bbdefault\u00bb global_colors_info=\u00bb{}\u00bb][et_pb_text disabled_on=\u00bbon|on|on\u00bb _builder_version=\u00bb4.27.4&#8243; _module_preset=\u00bbdefault\u00bb text_font=\u00bbRoboto|700|||||||\u00bb text_text_color=\u00bb#871d18&#8243; text_font_size=\u00bb18px\u00bb text_orientation=\u00bbcenter\u00bb text_font_size_tablet=\u00bb18px\u00bb text_font_size_phone=\u00bb15px\u00bb text_font_size_last_edited=\u00bbon|phone\u00bb border_radii=\u00bbon|10px|10px|10px|10px\u00bb border_width_all=\u00bb3px\u00bb border_color_all=\u00bb#871d18&#8243; disabled=\u00bbon\u00bb global_colors_info=\u00bb{}\u00bb]<\/p>\n<p>NOTA: SI CUENTAS CON LOS RECIBOS ESTATALES DE A\u00d1OS ANTERIORES YA PAGADOS Y NO HAN REALIZARON SU PROCESO DE TITULACI\u00d3N, FAVOR DE COMUNICARSE AL DEPARTAMENTO DE TITULACI\u00d3N.<\/p>\n<p>[\/et_pb_text][dsm_button button_one_text=\u00bbDescargar requisitos de titulaci\u00f3n T.S.U\u00bb button_one_url=\u00bb\/wp-content\/uploads\/2026\/02\/REQUISITOS-DE-TITULACION-TSU-2026.pdf\u00bb button_one_url_new_window=\u00bbon\u00bb button_one_lightbox_close_color=\u00bbRGBA(255,255,255,0)\u00bb button_one_hover_animation=\u00bbdsm-buzz-out\u00bb button_one_icon_hover_animation=\u00bbdsm-icon-forward\u00bb _builder_version=\u00bb4.27.5&#8243; _module_preset=\u00bbdefault\u00bb button_one_text_size=\u00bb18px\u00bb button_one_text_color=\u00bb#000000&#8243; button_one_border_width=\u00bb2px\u00bb button_one_border_color=\u00bb#0866ae\u00bb button_one_border_radius=\u00bb14px\u00bb button_one_use_icon=\u00bbon\u00bb button_one_icon=\u00bb&#xe092;||divi||400&#8243; button_one_icon_color=\u00bb#0866ae\u00bb button_one_on_hover=\u00bboff\u00bb hover_enabled=\u00bb0&#8243; button_one_text_size_tablet=\u00bb18px\u00bb button_one_text_size_phone=\u00bb13px\u00bb button_one_text_size_last_edited=\u00bbon|desktop\u00bb box_shadow_style_button_one=\u00bbpreset6&#8243; global_colors_info=\u00bb{}\u00bb sticky_enabled=\u00bb0&#8243;][\/dsm_button][et_pb_text _builder_version=\u00bb4.26.0&#8243; _module_preset=\u00bbdefault\u00bb text_font=\u00bbRoboto|700|||||||\u00bb text_text_color=\u00bb#000000&#8243; text_font_size=\u00bb28px\u00bb width=\u00bb35%\u00bb width_tablet=\u00bb\u00bb width_phone=\u00bb95%\u00bb width_last_edited=\u00bbon|tablet\u00bb text_font_size_tablet=\u00bb28px\u00bb text_font_size_phone=\u00bb20px\u00bb text_font_size_last_edited=\u00bbon|phone\u00bb text_orientation_tablet=\u00bbcenter\u00bb text_orientation_phone=\u00bbcenter\u00bb text_orientation_last_edited=\u00bbon|phone\u00bb border_width_bottom=\u00bb3px\u00bb border_color_bottom=\u00bb#008260&#8243; global_colors_info=\u00bb{}\u00bb]<\/p>\n<p>ETAPA I \u2013 DOCUMENTACI\u00d3N<\/p>\n<p>[\/et_pb_text][depicter_module document_id=\u00bb#303&#8243; _builder_version=\u00bb4.26.0&#8243; _module_preset=\u00bbdefault\u00bb global_colors_info=\u00bb{}\u00bb][\/depicter_module][\/et_pb_column][\/et_pb_row][et_pb_row column_structure=\u00bb1_3,1_3,1_3&#8243; _builder_version=\u00bb4.26.0&#8243; _module_preset=\u00bbdefault\u00bb global_colors_info=\u00bb{}\u00bb][et_pb_column type=\u00bb1_3&#8243; _builder_version=\u00bb4.26.0&#8243; _module_preset=\u00bbdefault\u00bb global_colors_info=\u00bb{}\u00bb][et_pb_text _builder_version=\u00bb4.26.0&#8243; _module_preset=\u00bbdefault\u00bb text_font=\u00bbRoboto|700|||||||\u00bb text_text_color=\u00bb#000000&#8243; text_font_size=\u00bb28px\u00bb width_tablet=\u00bb\u00bb width_phone=\u00bb95%\u00bb width_last_edited=\u00bbon|tablet\u00bb text_font_size_tablet=\u00bb28px\u00bb text_font_size_phone=\u00bb20px\u00bb text_font_size_last_edited=\u00bbon|phone\u00bb text_orientation_tablet=\u00bbcenter\u00bb text_orientation_phone=\u00bbcenter\u00bb text_orientation_last_edited=\u00bbon|phone\u00bb border_width_bottom=\u00bb3px\u00bb border_color_bottom=\u00bb#008260&#8243; global_colors_info=\u00bb{}\u00bb]<\/p>\n<p>ETAPA II \u2013 PAGOS<\/p>\n<p>[\/et_pb_text][\/et_pb_column][et_pb_column type=\u00bb1_3&#8243; _builder_version=\u00bb4.26.0&#8243; _module_preset=\u00bbdefault\u00bb global_colors_info=\u00bb{}\u00bb][et_pb_text disabled_on=\u00bbon|on|on\u00bb _builder_version=\u00bb4.26.0&#8243; _module_preset=\u00bbdefault\u00bb text_font=\u00bbRoboto||||||||\u00bb text_text_color=\u00bb#000000&#8243; disabled=\u00bbon\u00bb global_colors_info=\u00bb{}\u00bb]<\/p>\n<p>Son 4 PAGOS diferentes y se deben de realizar en los bancos se\u00f1alados y por separado<\/p>\n<p>[\/et_pb_text][\/et_pb_column][et_pb_column type=\u00bb1_3&#8243; _builder_version=\u00bb4.26.0&#8243; _module_preset=\u00bbdefault\u00bb global_colors_info=\u00bb{}\u00bb][et_pb_text _builder_version=\u00bb4.26.0&#8243; _module_preset=\u00bbdefault\u00bb text_font=\u00bbRoboto|700|||on||||\u00bb text_text_color=\u00bb#871d18&#8243; global_colors_info=\u00bb{}\u00bb]<\/p>\n<p>\u00abNO REALIZAR PAGOS SI NO COCLUYEN CON LA ETAPA 1: DOCUMENTACI\u00d3N\u00bb<\/p>\n<p>[\/et_pb_text][\/et_pb_column][\/et_pb_row][et_pb_row _builder_version=\u00bb4.26.0&#8243; _module_preset=\u00bbdefault\u00bb custom_margin_tablet=\u00bb\u00bb custom_margin_phone=\u00bb-45px||||false|false\u00bb custom_margin_last_edited=\u00bbon|tablet\u00bb global_colors_info=\u00bb{}\u00bb][et_pb_column type=\u00bb4_4&#8243; _builder_version=\u00bb4.26.0&#8243; _module_preset=\u00bbdefault\u00bb global_colors_info=\u00bb{}\u00bb][depicter_module document_id=\u00bb#340&#8243; _builder_version=\u00bb4.26.0&#8243; _module_preset=\u00bbdefault\u00bb global_colors_info=\u00bb{}\u00bb][\/depicter_module][et_pb_text disabled_on=\u00bbon|on|on\u00bb _builder_version=\u00bb4.26.0&#8243; _module_preset=\u00bbdefault\u00bb text_font=\u00bbRoboto|700|||on|||#871d18|\u00bb text_text_color=\u00bb#871d18&#8243; text_orientation=\u00bbcenter\u00bb disabled=\u00bbon\u00bb global_colors_info=\u00bb{}\u00bb]<\/p>\n<p>De haber error en los dep\u00f3sitos antes mencionados NO HABR\u00c1 DEVOLUCIONES<\/p>\n<p>[\/et_pb_text][et_pb_text _builder_version=\u00bb4.27.4&#8243; _module_preset=\u00bbdefault\u00bb text_font=\u00bbRoboto|700|||||||\u00bb text_text_color=\u00bb#000000&#8243; text_font_size=\u00bb28px\u00bb text_line_height=\u00bb1.1em\u00bb width_tablet=\u00bb\u00bb width_phone=\u00bb95%\u00bb width_last_edited=\u00bbon|phone\u00bb text_font_size_tablet=\u00bb28px\u00bb text_font_size_phone=\u00bb20px\u00bb text_font_size_last_edited=\u00bbon|phone\u00bb text_orientation_tablet=\u00bbcenter\u00bb text_orientation_phone=\u00bbcenter\u00bb text_orientation_last_edited=\u00bbon|phone\u00bb border_width_bottom=\u00bb3px\u00bb border_color_bottom=\u00bb#008260&#8243; global_colors_info=\u00bb{}\u00bb]<\/p>\n<p>ETAPA III \u2013 AGENDAR CITA PARA ENTREGA DE DOCUMENTACI\u00d3N<\/p>\n<p>[\/et_pb_text][depicter_module document_id=\u00bb#372&#8243; _builder_version=\u00bb4.26.0&#8243; _module_preset=\u00bbdefault\u00bb global_colors_info=\u00bb{}\u00bb][\/depicter_module][et_pb_text _builder_version=\u00bb4.27.4&#8243; _module_preset=\u00bbdefault\u00bb text_font=\u00bbRoboto|700|||||||\u00bb text_text_color=\u00bb#000000&#8243; text_font_size=\u00bb28px\u00bb text_line_height=\u00bb1.1em\u00bb width_tablet=\u00bb\u00bb width_phone=\u00bb95%\u00bb width_last_edited=\u00bbon|phone\u00bb text_font_size_tablet=\u00bb28px\u00bb text_font_size_phone=\u00bb20px\u00bb text_font_size_last_edited=\u00bbon|phone\u00bb text_orientation_tablet=\u00bbcenter\u00bb text_orientation_phone=\u00bbcenter\u00bb text_orientation_last_edited=\u00bbon|phone\u00bb border_width_bottom=\u00bb3px\u00bb border_color_bottom=\u00bb#008260&#8243; global_colors_info=\u00bb{}\u00bb]<\/p>\n<p>ETAPA IV \u2013 <strong>RECOGER T\u00cdTULO ELECTR\u00d3NICO Y DOCUMENTACI\u00d3N CORRESPONDIENTE\u00a0<\/strong><\/p>\n<p>[\/et_pb_text][depicter_module document_id=\u00bb#586&#8243; _builder_version=\u00bb4.27.4&#8243; _module_preset=\u00bbdefault\u00bb global_colors_info=\u00bb{}\u00bb][\/depicter_module][et_pb_text disabled_on=\u00bbon|on|on\u00bb _builder_version=\u00bb4.26.0&#8243; _module_preset=\u00bbdefault\u00bb text_font=\u00bbRoboto|700|||||||\u00bb text_text_color=\u00bb#0f2755&#8243; text_font_size=\u00bb28px\u00bb text_orientation=\u00bbcenter\u00bb text_font_size_tablet=\u00bb20px\u00bb text_font_size_phone=\u00bb18px\u00bb text_font_size_last_edited=\u00bbon|phone\u00bb disabled=\u00bbon\u00bb global_colors_info=\u00bb{}\u00bb]<\/p>\n<p>PARA LA CITA TRAER LOS DOCUMENTOS EN EL SIGUIENTE ORDEN CON LAS COPIAS CORRESPONDIENTES.<\/p>\n<p>[\/et_pb_text][\/et_pb_column][\/et_pb_row][et_pb_row column_structure=\u00bb1_2,1_2&#8243; disabled_on=\u00bbon|on|on\u00bb _builder_version=\u00bb4.26.0&#8243; _module_preset=\u00bbdefault\u00bb custom_margin=\u00bb||||false|false\u00bb custom_padding=\u00bb0px||0px||false|false\u00bb disabled=\u00bbon\u00bb global_colors_info=\u00bb{}\u00bb][et_pb_column type=\u00bb1_2&#8243; _builder_version=\u00bb4.26.0&#8243; _module_preset=\u00bbdefault\u00bb global_colors_info=\u00bb{}\u00bb][et_pb_text _builder_version=\u00bb4.27.5&#8243; _module_preset=\u00bbdefault\u00bb text_font=\u00bbRoboto||||||||\u00bb text_text_color=\u00bb#000000&#8243; global_colors_info=\u00bb{}\u00bb]<\/p>\n<p>1.\u00a0\u00a0 Recibos UTC original y 1 copia (concepto de titulaci\u00f3n y libro)<\/p>\n<p>2.\u00a0 Constancia de no Adeudos<\/p>\n<p>3.\u00a0 Acta de Nacimiento original y 1 copia, por ambos lados en tama\u00f1o carta.<\/p>\n<p>[\/et_pb_text][\/et_pb_column][et_pb_column type=\u00bb1_2&#8243; _builder_version=\u00bb4.26.0&#8243; _module_preset=\u00bbdefault\u00bb global_colors_info=\u00bb{}\u00bb][et_pb_text _builder_version=\u00bb4.27.5&#8243; _module_preset=\u00bbdefault\u00bb text_font=\u00bbRoboto||||||||\u00bb text_text_color=\u00bb#000000&#8243; custom_margin_tablet=\u00bb-15px||||false|false\u00bb custom_margin_phone=\u00bb-15px||||false|false\u00bb custom_margin_last_edited=\u00bbon|tablet\u00bb global_colors_info=\u00bb{}\u00bb]<\/p>\n<p>4.\u00a0 Curp original y 1 copia<\/p>\n<p>5.\u00a0 Certificado de Bachillerato original y 1 copia, por ambos lados en tama\u00f1o carta.<\/p>\n<p>6.\u00a0 Constancia de Autenticidad original y 1 copia<\/p>\n<p>[\/et_pb_text][\/et_pb_column][\/et_pb_row][\/et_pb_section]<\/p>\n","protected":false},"excerpt":{"rendered":"<p><div class=\"et_pb_module dsm_icon_list dsm_icon_list_0\">\n\t\t\t\t\n\t\t\t\t\n\t\t\t\t\n\t\t\t\t\n\t\t\t\t\n\t\t\t\t\n\t\t\t\t<div class=\"et_pb_module_inner\">\n\t\t\t\t\t<ul class=\"dsm_icon_list_items dsm_icon_list_ltr_direction dsm_icon_list_layout_vertical\"><\/ul>\n\t\t\t\t<\/div>\n\t\t\t<\/div><li class=\"dsm_icon_list_child dsm_icon_list_child_0\">\n\t\t\t\t\n\t\t\t\t\n\t\t\t\t\n\t\t\t\t\n\t\t\t\t<span class=\"dsm_icon_list_wrapper\"><\/span><span class=\"dsm_icon_list_text\">CONTACTO<\/span>\n\t\t\t<\/li><li class=\"dsm_icon_list_child dsm_icon_list_child_1\">\n\t\t\t\t\n\t\t\t\t\n\t\t\t\t\n\t\t\t\t\n\t\t\t\t<span class=\"dsm_icon_list_wrapper\"><\/span><span class=\"dsm_icon_list_text\">Lic. Ayde Margarita Quintero Saucedo<\/span>\n\t\t\t<\/li><li class=\"dsm_icon_list_child dsm_icon_list_child_2\">\n\t\t\t\t\n\t\t\t\t\n\t\t\t\t\n\t\t\t\t\n\t\t\t\t<span class=\"dsm_icon_list_wrapper\"><span class=\"dsm_icon_list_icon\">\uf0e0<\/span><\/span><span class=\"dsm_icon_list_text\">titulaci\u00f3n@utc.edu.mx<\/span>\n\t\t\t<\/li><li class=\"dsm_icon_list_child dsm_icon_list_child_3\">\n\t\t\t\t\n\t\t\t\t\n\t\t\t\t\n\t\t\t\t\n\t\t\t\t<span class=\"dsm_icon_list_wrapper\"><span class=\"dsm_icon_list_icon\">\uf879<\/span><\/span><span class=\"dsm_icon_list_text\">844 288 3800<\/span>\n\t\t\t<\/li><li class=\"dsm_icon_list_child dsm_icon_list_child_4\">\n\t\t\t\t\n\t\t\t\t\n\t\t\t\t\n\t\t\t\t\n\t\t\t\t<span class=\"dsm_icon_list_wrapper\"><span class=\"dsm_icon_list_icon\">P<\/span><\/span><span class=\"dsm_icon_list_text\">\u00bbext.<\/span>\n\t\t\t<\/li><\/p>\n","protected":false},"author":1,"featured_media":0,"parent":0,"menu_order":0,"comment_status":"closed","ping_status":"closed","template":"","meta":{"_et_pb_use_builder":"on","_et_pb_old_content":"","_et_gb_content_width":"","footnotes":""},"class_list":["post-3902","page","type-page","status-publish","hentry"],"jetpack_sharing_enabled":true,"_links":{"self":[{"href":"https:\/\/utc.edu.mx\/index.php\/wp-json\/wp\/v2\/pages\/3902","targetHints":{"allow":["GET"]}}],"collection":[{"href":"https:\/\/utc.edu.mx\/index.php\/wp-json\/wp\/v2\/pages"}],"about":[{"href":"https:\/\/utc.edu.mx\/index.php\/wp-json\/wp\/v2\/types\/page"}],"author":[{"embeddable":true,"href":"https:\/\/utc.edu.mx\/index.php\/wp-json\/wp\/v2\/users\/1"}],"replies":[{"embeddable":true,"href":"https:\/\/utc.edu.mx\/index.php\/wp-json\/wp\/v2\/comments?post=3902"}],"version-history":[{"count":90,"href":"https:\/\/utc.edu.mx\/index.php\/wp-json\/wp\/v2\/pages\/3902\/revisions"}],"predecessor-version":[{"id":7075,"href":"https:\/\/utc.edu.mx\/index.php\/wp-json\/wp\/v2\/pages\/3902\/revisions\/7075"}],"wp:attachment":[{"href":"https:\/\/utc.edu.mx\/index.php\/wp-json\/wp\/v2\/media?parent=3902"}],"curies":[{"name":"wp","href":"https:\/\/api.w.org\/{rel}","templated":true}]}}