{"id":2704,"date":"2024-03-19T18:40:39","date_gmt":"2024-03-19T18:40:39","guid":{"rendered":"http:\/\/10.1.1.110\/?page_id=2704"},"modified":"2026-02-05T21:14:15","modified_gmt":"2026-02-05T21:14:15","slug":"red-conocer","status":"publish","type":"page","link":"https:\/\/utc.edu.mx\/index.php\/red-conocer\/","title":{"rendered":"Red Conocer"},"content":{"rendered":"<p>[et_pb_section fb_built=\u00bb1&#8243; _builder_version=\u00bb4.24.2&#8243; _module_preset=\u00bbdefault\u00bb da_disable_devices=\u00bboff|off|off\u00bb global_colors_info=\u00bb{}\u00bb da_is_popup=\u00bboff\u00bb da_exit_intent=\u00bboff\u00bb da_has_close=\u00bbon\u00bb da_alt_close=\u00bboff\u00bb da_dark_close=\u00bboff\u00bb da_not_modal=\u00bbon\u00bb da_is_singular=\u00bboff\u00bb da_with_loader=\u00bboff\u00bb da_has_shadow=\u00bbon\u00bb][et_pb_row column_structure=\u00bb1_4,3_4&#8243; _builder_version=\u00bb4.24.2&#8243; _module_preset=\u00bbdefault\u00bb custom_margin=\u00bb40px||||false|false\u00bb custom_margin_tablet=\u00bb40px||||false|false\u00bb custom_margin_phone=\u00bb40px||||false|false\u00bb custom_margin_last_edited=\u00bbon|desktop\u00bb global_colors_info=\u00bb{}\u00bb][et_pb_column type=\u00bb1_4&#8243; _builder_version=\u00bb4.24.2&#8243; _module_preset=\u00bbdefault\u00bb global_colors_info=\u00bb{}\u00bb][et_pb_image src=\u00bbhttp:\/\/10.1.1.110\/wp-content\/uploads\/2024\/03\/logo-red.jpeg\u00bb title_text=\u00bblogo-red\u00bb align=\u00bbcenter\u00bb _builder_version=\u00bb4.24.2&#8243; _module_preset=\u00bbdefault\u00bb global_colors_info=\u00bb{}\u00bb][\/et_pb_image][\/et_pb_column][et_pb_column type=\u00bb3_4&#8243; _builder_version=\u00bb4.24.2&#8243; _module_preset=\u00bbdefault\u00bb global_colors_info=\u00bb{}\u00bb][dsm_icon_list _builder_version=\u00bb4.27.5&#8243; _module_preset=\u00bbdefault\u00bb hover_enabled=\u00bb0&#8243; global_colors_info=\u00bb{}\u00bb sticky_enabled=\u00bb0&#8243;][dsm_icon_list_child text=\u00bbPara m\u00e1s informes de los procesos de Certificaci\u00f3n\u00bb use_icon=\u00bboff\u00bb _builder_version=\u00bb4.24.2&#8243; _module_preset=\u00bbdefault\u00bb text_font=\u00bbRoboto|700||on|||||\u00bb text_text_color=\u00bb#0f2755&#8243; text_font_size=\u00bb24px\u00bb global_colors_info=\u00bb{}\u00bb][\/dsm_icon_list_child][dsm_icon_list_child text=\u00bbIng. Francis Murillo Camacho.\u00bb use_icon=\u00bboff\u00bb _builder_version=\u00bb4.24.2&#8243; _module_preset=\u00bbdefault\u00bb text_font=\u00bbRoboto||||||||\u00bb global_colors_info=\u00bb{}\u00bb][\/dsm_icon_list_child][dsm_icon_list_child text=\u00bbJefa del Departamento de la Entidad de Certificaci\u00f3n y Evaluaci\u00f3n CONOCER.\u00bb use_icon=\u00bboff\u00bb _builder_version=\u00bb4.24.2&#8243; _module_preset=\u00bbdefault\u00bb text_font=\u00bbRoboto||||||||\u00bb global_colors_info=\u00bb{}\u00bb][\/dsm_icon_list_child][dsm_icon_list_child text=\u00bbTel. (844) 288 3800 EXT. 1408&#8243; font_icon=\u00bb&#xf2a0;||fa||900&#8243; icon_color=\u00bb#0f2755&#8243; _builder_version=\u00bb4.27.5&#8243; _module_preset=\u00bbdefault\u00bb text_font=\u00bbRoboto||||||||\u00bb hover_enabled=\u00bb0&#8243; global_colors_info=\u00bb{}\u00bb sticky_enabled=\u00bb0&#8243;][\/dsm_icon_list_child][dsm_icon_list_child text=\u00bbframurillo@utc.edu.mx\u00bb font_icon=\u00bb&#xf0e0;||fa||900&#8243; icon_color=\u00bb#0f2755&#8243; _builder_version=\u00bb4.24.2&#8243; _module_preset=\u00bbdefault\u00bb text_font=\u00bbRoboto||||||||\u00bb global_colors_info=\u00bb{}\u00bb][\/dsm_icon_list_child][\/dsm_icon_list][\/et_pb_column][\/et_pb_row][et_pb_row _builder_version=\u00bb4.24.2&#8243; _module_preset=\u00bbdefault\u00bb global_colors_info=\u00bb{}\u00bb][et_pb_column type=\u00bb4_4&#8243; _builder_version=\u00bb4.24.2&#8243; _module_preset=\u00bbdefault\u00bb global_colors_info=\u00bb{}\u00bb][et_pb_text _builder_version=\u00bb4.24.2&#8243; _module_preset=\u00bbdefault\u00bb text_font=\u00bbRoboto|700||on|||||\u00bb text_text_color=\u00bb#0f2755&#8243; text_font_size=\u00bb24px\u00bb text_orientation=\u00bbcenter\u00bb global_colors_info=\u00bb{}\u00bb]<\/p>\n<p style=\"margin: 0cm 0cm 7.5pt 0cm;\">ENTIDAD DE CERTIFICACI\u00d3N Y EVALUACI\u00d3N<\/p>\n<p>[\/et_pb_text][et_pb_text _builder_version=\u00bb4.24.2&#8243; _module_preset=\u00bbdefault\u00bb text_font=\u00bbRoboto||||||||\u00bb text_orientation=\u00bbcenter\u00bb global_colors_info=\u00bb{}\u00bb]<\/p>\n<p align=\"center\" style=\"text-align: center; margin: 0cm 0cm 7.5pt 0cm;\">Las Entidades de Certificaci\u00f3n y Evaluaci\u00f3n (ECE) son acreditadas por el CONOCER para capacitar, evaluar y\/o certificar las competencias laborales de las personas, con base en Est\u00e1ndares de Competencia inscritos en el Registro Nacional de Est\u00e1ndares de Competencia, as\u00ed como para acreditar, previa autorizaci\u00f3n del CONOCER, Centros de Evaluaci\u00f3n y\/o Evaluadores Independientes en uno o varios Est\u00e1ndares de Competencia en un periodo determinado.<\/p>\n<p>[\/et_pb_text][et_pb_image src=\u00bbhttp:\/\/10.1.1.110\/wp-content\/uploads\/2024\/03\/MODELO-RED-CONOCER-2.png\u00bb title_text=\u00bbMODELO RED CONOCER-2&#8243; _builder_version=\u00bb4.24.2&#8243; _module_preset=\u00bbdefault\u00bb width_tablet=\u00bb\u00bb width_phone=\u00bb100%\u00bb width_last_edited=\u00bbon|phone\u00bb global_colors_info=\u00bb{}\u00bb][\/et_pb_image][\/et_pb_column][\/et_pb_row][\/et_pb_section][et_pb_section fb_built=\u00bb1&#8243; _builder_version=\u00bb4.24.2&#8243; _module_preset=\u00bbdefault\u00bb custom_margin=\u00bb0px||0px||false|false\u00bb custom_margin_tablet=\u00bb-60px||||false|false\u00bb custom_margin_phone=\u00bb-65px||||false|false\u00bb custom_margin_last_edited=\u00bbon|tablet\u00bb custom_padding=\u00bb0px||0px||false|false\u00bb da_disable_devices=\u00bboff|off|off\u00bb global_colors_info=\u00bb{}\u00bb da_is_popup=\u00bboff\u00bb da_exit_intent=\u00bboff\u00bb da_has_close=\u00bbon\u00bb da_alt_close=\u00bboff\u00bb da_dark_close=\u00bboff\u00bb da_not_modal=\u00bbon\u00bb da_is_singular=\u00bboff\u00bb da_with_loader=\u00bboff\u00bb da_has_shadow=\u00bbon\u00bb][et_pb_row column_structure=\u00bb1_3,1_3,1_3&#8243; _builder_version=\u00bb4.24.2&#8243; _module_preset=\u00bbdefault\u00bb width=\u00bb95%\u00bb global_colors_info=\u00bb{}\u00bb][et_pb_column type=\u00bb1_3&#8243; _builder_version=\u00bb4.24.2&#8243; _module_preset=\u00bbdefault\u00bb global_colors_info=\u00bb{}\u00bb][et_pb_text _builder_version=\u00bb4.24.2&#8243; _module_preset=\u00bbdefault\u00bb text_font=\u00bbRoboto|700||on|||||\u00bb text_font_size=\u00bb24px\u00bb text_orientation=\u00bbcenter\u00bb border_width_bottom=\u00bb2px\u00bb border_color_bottom=\u00bb#3d8868&#8243; global_colors_info=\u00bb{}\u00bb]<\/p>\n<p style=\"margin: 0cm 0cm 7.5pt 0cm;\"><strong><span style=\"font-size: 18.0pt; font-family: 'Open Sans',sans-serif; color: #333333;\">\u00bfQU\u00c9 ES EL\u00a0 CONOCER?\u00a0<\/span><\/strong><span style=\"font-size: 10.5pt; font-family: 'Open Sans',sans-serif; color: red;\"><o:p><\/o:p><\/span><\/p>\n<p>[\/et_pb_text][et_pb_text _builder_version=\u00bb4.24.2&#8243; _module_preset=\u00bbdefault\u00bb text_font=\u00bbRoboto||||||||\u00bb text_orientation=\u00bbjustified\u00bb global_colors_info=\u00bb{}\u00bb]<\/p>\n<p>El Consejo Nacional de Normalizaci\u00f3n y Certificaci\u00f3n de Competencias Laborales (CONOCER) es una entidad paraestatal sectorizada en la Secretar\u00eda de Educaci\u00f3n P\u00fablica, con un \u00f3rgano de gobierno tripartita con representantes de los trabajadores, los empresarios y el gobierno.<\/p>\n<p>&nbsp;<\/p>\n<ul>\n<li>Promovemos la agenda de capital humano de M\u00e9xico para la competitividad y productividad.<\/li>\n<li>Trabajamos para mejorar la alineaci\u00f3n de la oferta educativa, con los requerimientos de los sectores productivos, educativo, social y de gobierno del pa\u00eds.<\/li>\n<li>Somos la entidad del gobierno federal que reconoce los conocimientos, habilidades, destrezas y actitudes de las personas, adquiridas en el trabajo o a lo largo de su vida, con certificaciones nacionales y oficiales.<\/li>\n<\/ul>\n<p>[\/et_pb_text][\/et_pb_column][et_pb_column type=\u00bb1_3&#8243; _builder_version=\u00bb4.24.2&#8243; _module_preset=\u00bbdefault\u00bb global_colors_info=\u00bb{}\u00bb][et_pb_text _builder_version=\u00bb4.24.2&#8243; _module_preset=\u00bbdefault\u00bb text_font=\u00bbRoboto|700||on|||||\u00bb text_font_size=\u00bb24px\u00bb text_orientation=\u00bbcenter\u00bb border_width_bottom=\u00bb2px\u00bb border_color_bottom=\u00bb#3d8868&#8243; global_colors_info=\u00bb{}\u00bb]<\/p>\n<p><strong>\u00bfQU\u00c9 ES LA CERTIFICACI\u00d3N DE LAS COMPETENCIAS?<\/strong><\/p>\n<p>[\/et_pb_text][et_pb_text _builder_version=\u00bb4.24.2&#8243; _module_preset=\u00bbdefault\u00bb text_font=\u00bbRoboto||||||||\u00bb text_orientation=\u00bbjustified\u00bb global_colors_info=\u00bb{}\u00bb]<\/p>\n<p>Las competencias de las personas son los conocimientos, habilidades, destrezas y comportamientos individuales, es decir, aquello que las hace competentes para desarrollar una actividad en su vida laboral.<o:p><\/o:p><\/p>\n<p style=\"text-align: justify; margin: 0cm 0cm 7.5pt 0cm;\">La certificaci\u00f3n de competencias es el proceso a trav\u00e9s del cual las personas demuestran por medio de evidencias, que cuentan, sin importar como los hayan adquirido, con los conocimientos, habilidades y destrezas necesarias para cumplir una funci\u00f3n a un alto nivel de desempe\u00f1o de acuerdo con lo definido en un Est\u00e1ndar de Competencia.<span style=\"font-size: 10.5pt; font-family: 'Open Sans',sans-serif; color: #a3a3a3;\"><o:p><\/o:p><\/span><\/p>\n<p>[\/et_pb_text][\/et_pb_column][et_pb_column type=\u00bb1_3&#8243; _builder_version=\u00bb4.24.2&#8243; _module_preset=\u00bbdefault\u00bb global_colors_info=\u00bb{}\u00bb][et_pb_text _builder_version=\u00bb4.24.2&#8243; _module_preset=\u00bbdefault\u00bb text_font=\u00bbRoboto|700||on|||||\u00bb text_font_size=\u00bb24px\u00bb text_orientation=\u00bbcenter\u00bb border_width_bottom=\u00bb2px\u00bb border_color_bottom=\u00bb#3d8868&#8243; global_colors_info=\u00bb{}\u00bb]<\/p>\n<p><strong>\u00bfQU\u00c9 ES UN EST\u00c1NDAR DE COMPETENCIA LABORAL?<\/strong><\/p>\n<p>[\/et_pb_text][et_pb_text _builder_version=\u00bb4.24.2&#8243; _module_preset=\u00bbdefault\u00bb text_font=\u00bbRoboto||||||||\u00bb text_orientation=\u00bbjustified\u00bb global_colors_info=\u00bb{}\u00bb]<\/p>\n<p>Un Est\u00e1ndar de Competencia es un documento oficial aplicable en toda la Rep\u00fablica Mexicana que sirve de referencia para evaluar y certificar la competencia de las personas.<o:p><\/o:p><\/p>\n<p style=\"text-align: justify; margin: 0cm 0cm 7.5pt 0cm;\">Actualmente el CONOCER cuenta con 1076 Est\u00e1ndares de Competencia Laboral.<\/p>\n<p>[\/et_pb_text][\/et_pb_column][\/et_pb_row][\/et_pb_section][et_pb_section fb_built=\u00bb1&#8243; _builder_version=\u00bb4.24.2&#8243; _module_preset=\u00bbdefault\u00bb custom_margin=\u00bb0px||0px||true|false\u00bb custom_padding=\u00bb0px||0px||true|false\u00bb da_disable_devices=\u00bboff|off|off\u00bb global_colors_info=\u00bb{}\u00bb da_is_popup=\u00bboff\u00bb da_exit_intent=\u00bboff\u00bb da_has_close=\u00bbon\u00bb da_alt_close=\u00bboff\u00bb da_dark_close=\u00bboff\u00bb da_not_modal=\u00bbon\u00bb da_is_singular=\u00bboff\u00bb da_with_loader=\u00bboff\u00bb da_has_shadow=\u00bbon\u00bb][et_pb_row _builder_version=\u00bb4.24.2&#8243; _module_preset=\u00bbdefault\u00bb width=\u00bb100%\u00bb global_colors_info=\u00bb{}\u00bb][et_pb_column type=\u00bb4_4&#8243; _builder_version=\u00bb4.24.2&#8243; _module_preset=\u00bbdefault\u00bb global_colors_info=\u00bb{}\u00bb][et_pb_text _builder_version=\u00bb4.24.2&#8243; _module_preset=\u00bbdefault\u00bb text_font=\u00bbRoboto|700||on|||||\u00bb text_font_size=\u00bb24px\u00bb text_orientation=\u00bbcenter\u00bb global_colors_info=\u00bb{}\u00bb]<\/p>\n<p>LISTADO DE ESTANDARES AUTORIZADOS VIGENTES<\/p>\n<p>[\/et_pb_text][dsm_card_carousel slide_to_show=\u00bb4&#8243; multiple_slide_row=\u00bbon\u00bb slide_row=\u00bb2&#8243; layout=\u00bbinline\u00bb layout_inline_image_width=\u00bb95%\u00bb dots=\u00bboff\u00bb image_alignment=\u00bbcenter\u00bb layout_tablet=\u00bbinline\u00bb layout_phone=\u00bbinline\u00bb layout_last_edited=\u00bbon|phone\u00bb layout_inline_image_width_tablet=\u00bb95%\u00bb layout_inline_image_width_phone=\u00bb95%\u00bb layout_inline_image_width_last_edited=\u00bbon|desktop\u00bb image_alignment_tablet=\u00bbcenter\u00bb image_alignment_phone=\u00bbcenter\u00bb image_alignment_last_edited=\u00bbon|desktop\u00bb _builder_version=\u00bb4.27.5&#8243; _module_preset=\u00bbdefault\u00bb global_colors_info=\u00bb{}\u00bb][dsm_card_carousel_child image=\u00bbhttps:\/\/utc.edu.mx\/wp-content\/uploads\/2024\/03\/COMPLETO-CURSO-EC0204.png\u00bb button_url_new_window=\u00bb1&#8243; _builder_version=\u00bb4.25.2&#8243; _module_preset=\u00bbdefault\u00bb global_colors_info=\u00bb{}\u00bb parent_button=\u00bboff\u00bb parent_header_level=\u00bbh4&#8243;][\/dsm_card_carousel_child][dsm_card_carousel_child image=\u00bbhttps:\/\/utc.edu.mx\/wp-content\/uploads\/2024\/03\/COMPLETO-CURSO-EC0089.png\u00bb button_url_new_window=\u00bb1&#8243; _builder_version=\u00bb4.25.2&#8243; _module_preset=\u00bbdefault\u00bb global_colors_info=\u00bb{}\u00bb parent_button=\u00bboff\u00bb parent_header_level=\u00bbh4&#8243;][\/dsm_card_carousel_child][dsm_card_carousel_child image=\u00bbhttps:\/\/utc.edu.mx\/wp-content\/uploads\/2024\/03\/COMPLETO-CURSO-ECO217.01.png\u00bb button_url_new_window=\u00bb1&#8243; _builder_version=\u00bb4.25.2&#8243; _module_preset=\u00bbdefault\u00bb global_colors_info=\u00bb{}\u00bb parent_button=\u00bboff\u00bb parent_header_level=\u00bbh4&#8243;][\/dsm_card_carousel_child][dsm_card_carousel_child image=\u00bbhttps:\/\/utc.edu.mx\/wp-content\/uploads\/2024\/03\/COMPLETO-CURSO-EC0105.png\u00bb button_url_new_window=\u00bb1&#8243; _builder_version=\u00bb4.25.2&#8243; _module_preset=\u00bbdefault\u00bb global_colors_info=\u00bb{}\u00bb parent_button=\u00bboff\u00bb parent_header_level=\u00bbh4&#8243;][\/dsm_card_carousel_child][dsm_card_carousel_child image=\u00bbhttps:\/\/utc.edu.mx\/wp-content\/uploads\/2024\/03\/COMPLETO-CURSO-EC0200.png\u00bb button_url_new_window=\u00bb1&#8243; _builder_version=\u00bb4.25.2&#8243; _module_preset=\u00bbdefault\u00bb global_colors_info=\u00bb{}\u00bb parent_button=\u00bboff\u00bb parent_header_level=\u00bbh4&#8243;][\/dsm_card_carousel_child][dsm_card_carousel_child image=\u00bbhttps:\/\/utc.edu.mx\/wp-content\/uploads\/2024\/03\/COMPLETO-CURSO-EC0391.01.png\u00bb button_url_new_window=\u00bb1&#8243; _builder_version=\u00bb4.25.2&#8243; _module_preset=\u00bbdefault\u00bb global_colors_info=\u00bb{}\u00bb parent_button=\u00bboff\u00bb parent_header_level=\u00bbh4&#8243;][\/dsm_card_carousel_child][dsm_card_carousel_child image=\u00bbhttps:\/\/utc.edu.mx\/wp-content\/uploads\/2024\/03\/COMPLETO-CURSO-EC0121.01.png\u00bb button_url_new_window=\u00bb1&#8243; _builder_version=\u00bb4.25.2&#8243; _module_preset=\u00bbdefault\u00bb global_colors_info=\u00bb{}\u00bb parent_button=\u00bboff\u00bb parent_header_level=\u00bbh4&#8243;][\/dsm_card_carousel_child][dsm_card_carousel_child image=\u00bbhttps:\/\/utc.edu.mx\/wp-content\/uploads\/2024\/03\/COMPLETO-CURSO-EC0304.png\u00bb button_url_new_window=\u00bb1&#8243; _builder_version=\u00bb4.25.2&#8243; _module_preset=\u00bbdefault\u00bb global_colors_info=\u00bb{}\u00bb parent_button=\u00bboff\u00bb parent_header_level=\u00bbh4&#8243;][\/dsm_card_carousel_child][dsm_card_carousel_child image=\u00bbhttps:\/\/utc.edu.mx\/wp-content\/uploads\/2024\/03\/COMPLETO-CURSO-EC0305.png\u00bb button_url_new_window=\u00bb1&#8243; _builder_version=\u00bb4.25.2&#8243; _module_preset=\u00bbdefault\u00bb global_colors_info=\u00bb{}\u00bb parent_button=\u00bboff\u00bb parent_header_level=\u00bbh4&#8243;][\/dsm_card_carousel_child][dsm_card_carousel_child image=\u00bbhttps:\/\/utc.edu.mx\/wp-content\/uploads\/2024\/03\/COMPLETO-CURSO-EC0815.png\u00bb button_url_new_window=\u00bb1&#8243; _builder_version=\u00bb4.25.2&#8243; _module_preset=\u00bbdefault\u00bb global_colors_info=\u00bb{}\u00bb parent_button=\u00bboff\u00bb parent_header_level=\u00bbh4&#8243;][\/dsm_card_carousel_child][dsm_card_carousel_child image=\u00bbhttps:\/\/utc.edu.mx\/wp-content\/uploads\/2024\/03\/COMPLETO-CURSO-EC0241.png\u00bb button_url_new_window=\u00bb1&#8243; _builder_version=\u00bb4.25.2&#8243; _module_preset=\u00bbdefault\u00bb global_colors_info=\u00bb{}\u00bb parent_button=\u00bboff\u00bb parent_header_level=\u00bbh4&#8243;][\/dsm_card_carousel_child][dsm_card_carousel_child image=\u00bbhttps:\/\/utc.edu.mx\/wp-content\/uploads\/2024\/03\/COMPLETO-CURSO-EC0288.png\u00bb button_url_new_window=\u00bb1&#8243; _builder_version=\u00bb4.25.2&#8243; _module_preset=\u00bbdefault\u00bb global_colors_info=\u00bb{}\u00bb parent_button=\u00bboff\u00bb parent_header_level=\u00bbh4&#8243;][\/dsm_card_carousel_child][dsm_card_carousel_child image=\u00bbhttps:\/\/utc.edu.mx\/wp-content\/uploads\/2024\/03\/COMPLETO-CURSO-EC0127.png\u00bb button_url_new_window=\u00bb1&#8243; _builder_version=\u00bb4.25.2&#8243; _module_preset=\u00bbdefault\u00bb global_colors_info=\u00bb{}\u00bb parent_button=\u00bboff\u00bb parent_header_level=\u00bbh4&#8243;][\/dsm_card_carousel_child][dsm_card_carousel_child image=\u00bbhttps:\/\/utc.edu.mx\/wp-content\/uploads\/2024\/03\/COMPLETO-CURSO-EC0076.png\u00bb button_url_new_window=\u00bb1&#8243; _builder_version=\u00bb4.25.2&#8243; _module_preset=\u00bbdefault\u00bb global_colors_info=\u00bb{}\u00bb parent_button=\u00bboff\u00bb parent_header_level=\u00bbh4&#8243;][\/dsm_card_carousel_child][dsm_card_carousel_child image=\u00bbhttps:\/\/utc.edu.mx\/wp-content\/uploads\/2024\/03\/COMPLETO-CURSO-EC0285.png\u00bb button_url_new_window=\u00bb1&#8243; _builder_version=\u00bb4.25.2&#8243; _module_preset=\u00bbdefault\u00bb global_colors_info=\u00bb{}\u00bb parent_button=\u00bboff\u00bb parent_header_level=\u00bbh4&#8243;][\/dsm_card_carousel_child][dsm_card_carousel_child image=\u00bbhttps:\/\/utc.edu.mx\/wp-content\/uploads\/2024\/03\/COMPLETO-CURSO-EC0038.png\u00bb button_url_new_window=\u00bb1&#8243; _builder_version=\u00bb4.25.2&#8243; _module_preset=\u00bbdefault\u00bb global_colors_info=\u00bb{}\u00bb parent_button=\u00bboff\u00bb parent_header_level=\u00bbh4&#8243;][\/dsm_card_carousel_child][dsm_card_carousel_child image=\u00bbhttps:\/\/utc.edu.mx\/wp-content\/uploads\/2024\/03\/COMPLETO-CURSO-EC0010.png\u00bb button_url_new_window=\u00bb1&#8243; _builder_version=\u00bb4.25.2&#8243; _module_preset=\u00bbdefault\u00bb global_colors_info=\u00bb{}\u00bb parent_button=\u00bboff\u00bb parent_header_level=\u00bbh4&#8243;][\/dsm_card_carousel_child][dsm_card_carousel_child image=\u00bbhttps:\/\/utc.edu.mx\/wp-content\/uploads\/2026\/02\/EC0581.png\u00bb button_url_new_window=\u00bb1&#8243; _builder_version=\u00bb4.27.5&#8243; _module_preset=\u00bbdefault\u00bb global_colors_info=\u00bb{}\u00bb parent_button=\u00bboff\u00bb parent_header_level=\u00bbh4&#8243;][\/dsm_card_carousel_child][dsm_card_carousel_child image=\u00bbhttps:\/\/utc.edu.mx\/wp-content\/uploads\/2026\/02\/EC1353-01.png\u00bb button_url_new_window=\u00bb1&#8243; _builder_version=\u00bb4.27.5&#8243; _module_preset=\u00bbdefault\u00bb global_colors_info=\u00bb{}\u00bb parent_button=\u00bboff\u00bb parent_header_level=\u00bbh4&#8243;][\/dsm_card_carousel_child][\/dsm_card_carousel][\/et_pb_column][\/et_pb_row][\/et_pb_section][et_pb_section fb_built=\u00bb1&#8243; _builder_version=\u00bb4.24.2&#8243; _module_preset=\u00bbdefault\u00bb custom_margin=\u00bb0px||0px||false|false\u00bb custom_padding=\u00bb0px||0px||false|false\u00bb da_disable_devices=\u00bboff|off|off\u00bb global_colors_info=\u00bb{}\u00bb da_is_popup=\u00bboff\u00bb da_exit_intent=\u00bboff\u00bb da_has_close=\u00bbon\u00bb da_alt_close=\u00bboff\u00bb da_dark_close=\u00bboff\u00bb da_not_modal=\u00bbon\u00bb da_is_singular=\u00bboff\u00bb da_with_loader=\u00bboff\u00bb da_has_shadow=\u00bbon\u00bb][et_pb_row _builder_version=\u00bb4.24.2&#8243; _module_preset=\u00bbdefault\u00bb width=\u00bb100%\u00bb global_colors_info=\u00bb{}\u00bb][et_pb_column type=\u00bb4_4&#8243; _builder_version=\u00bb4.24.2&#8243; _module_preset=\u00bbdefault\u00bb global_colors_info=\u00bb{}\u00bb][et_pb_text _builder_version=\u00bb4.24.2&#8243; _module_preset=\u00bbdefault\u00bb text_font=\u00bbRoboto|700||on|||||\u00bb text_font_size=\u00bb24px\u00bb text_orientation=\u00bbcenter\u00bb global_colors_info=\u00bb{}\u00bb]<\/p>\n<p>BENEFICIOS DE LA CERTIFICACI\u00d3N<\/p>\n<p>[\/et_pb_text][\/et_pb_column][\/et_pb_row][et_pb_row column_structure=\u00bb1_3,1_3,1_3&#8243; _builder_version=\u00bb4.24.2&#8243; _module_preset=\u00bbdefault\u00bb global_colors_info=\u00bb{}\u00bb][et_pb_column type=\u00bb1_3&#8243; _builder_version=\u00bb4.24.2&#8243; _module_preset=\u00bbdefault\u00bb global_colors_info=\u00bb{}\u00bb][et_pb_blurb image=\u00bbhttp:\/\/10.1.1.110\/wp-content\/uploads\/2024\/03\/ILUSTRACION-BENEFICIOS-RED-CONOCER-1.png\u00bb image_icon_width=\u00bb60%\u00bb _builder_version=\u00bb4.24.2&#8243; _module_preset=\u00bbdefault\u00bb header_font=\u00bbRoboto||||||||\u00bb body_font=\u00bbRoboto||||||||\u00bb body_text_align=\u00bbcenter\u00bb body_line_height=\u00bb0em\u00bb global_colors_info=\u00bb{}\u00bb]<\/p>\n<p>Ventaja competitiva para su organizaci\u00f3n<\/p>\n<p>[\/et_pb_blurb][\/et_pb_column][et_pb_column type=\u00bb1_3&#8243; _builder_version=\u00bb4.24.2&#8243; _module_preset=\u00bbdefault\u00bb global_colors_info=\u00bb{}\u00bb][et_pb_blurb image=\u00bbhttp:\/\/10.1.1.110\/wp-content\/uploads\/2024\/03\/ILUSTRACION-BENEFICIOS-RED-CONOCER-2.png\u00bb image_icon_width=\u00bb60%\u00bb _builder_version=\u00bb4.24.2&#8243; _module_preset=\u00bbdefault\u00bb header_font=\u00bbRoboto||||||||\u00bb body_font=\u00bbRoboto||||||||\u00bb body_text_align=\u00bbcenter\u00bb body_line_height=\u00bb0em\u00bb global_colors_info=\u00bb{}\u00bb]<\/p>\n<p>Eficacia y eficiencia en sus procesos<\/p>\n<p>[\/et_pb_blurb][\/et_pb_column][et_pb_column type=\u00bb1_3&#8243; _builder_version=\u00bb4.24.2&#8243; _module_preset=\u00bbdefault\u00bb global_colors_info=\u00bb{}\u00bb][et_pb_blurb image=\u00bbhttp:\/\/10.1.1.110\/wp-content\/uploads\/2024\/03\/ILUSTRACION-BENEFICIOS-RED-CONOCER-4.png\u00bb image_icon_width=\u00bb60%\u00bb _builder_version=\u00bb4.24.2&#8243; _module_preset=\u00bbdefault\u00bb header_font=\u00bbRoboto||||||||\u00bb body_font=\u00bbRoboto||||||||\u00bb body_text_align=\u00bbcenter\u00bb body_line_height=\u00bb0em\u00bb global_colors_info=\u00bb{}\u00bb]<\/p>\n<p>Permite crear fidelidad entre sus clientes<\/p>\n<p>[\/et_pb_blurb][\/et_pb_column][\/et_pb_row][et_pb_row column_structure=\u00bb1_3,1_3,1_3&#8243; _builder_version=\u00bb4.24.2&#8243; _module_preset=\u00bbdefault\u00bb global_colors_info=\u00bb{}\u00bb][et_pb_column type=\u00bb1_3&#8243; _builder_version=\u00bb4.24.2&#8243; _module_preset=\u00bbdefault\u00bb global_colors_info=\u00bb{}\u00bb][et_pb_blurb image=\u00bbhttp:\/\/10.1.1.110\/wp-content\/uploads\/2024\/03\/ILUSTRACION-BENEFICIOS-RED-CONOCER-3.png\u00bb image_icon_width=\u00bb60%\u00bb _builder_version=\u00bb4.24.2&#8243; _module_preset=\u00bbdefault\u00bb header_font=\u00bbRoboto||||||||\u00bb body_font=\u00bbRoboto||||||||\u00bb body_text_align=\u00bbcenter\u00bb body_line_height=\u00bb1em\u00bb global_colors_info=\u00bb{}\u00bb]<\/p>\n<p>Incremento en sus ingresos y participaci\u00f3n en el mercado<\/p>\n<p>[\/et_pb_blurb][\/et_pb_column][et_pb_column type=\u00bb1_3&#8243; _builder_version=\u00bb4.24.2&#8243; _module_preset=\u00bbdefault\u00bb global_colors_info=\u00bb{}\u00bb][et_pb_blurb image=\u00bbhttp:\/\/10.1.1.110\/wp-content\/uploads\/2024\/03\/ILUSTRACION-BENEFICIOS-RED-CONOCER-5.png\u00bb image_icon_width=\u00bb60%\u00bb _builder_version=\u00bb4.24.2&#8243; _module_preset=\u00bbdefault\u00bb header_font=\u00bbRoboto||||||||\u00bb body_font=\u00bbRoboto||||||||\u00bb body_text_align=\u00bbcenter\u00bb body_line_height=\u00bb1em\u00bb global_colors_info=\u00bb{}\u00bb]<\/p>\n<p>Mejora continua de sus procesos, productos y servicios<\/p>\n<p>[\/et_pb_blurb][\/et_pb_column][et_pb_column type=\u00bb1_3&#8243; _builder_version=\u00bb4.24.2&#8243; _module_preset=\u00bbdefault\u00bb global_colors_info=\u00bb{}\u00bb][et_pb_blurb image=\u00bbhttp:\/\/10.1.1.110\/wp-content\/uploads\/2024\/03\/ILUSTRACION-BENEFICIOS-RED-CONOCER-6.png\u00bb image_icon_width=\u00bb60%\u00bb _builder_version=\u00bb4.24.2&#8243; _module_preset=\u00bbdefault\u00bb header_font=\u00bbRoboto||||||||\u00bb body_font=\u00bbRoboto||||||||\u00bb body_text_align=\u00bbcenter\u00bb body_line_height=\u00bb1em\u00bb global_colors_info=\u00bb{}\u00bb]<\/p>\n<p>Reducci\u00f3n de situaciones de riesgo en producci\u00f3n o prestaci\u00f3n de servicios<\/p>\n<p>[\/et_pb_blurb][\/et_pb_column][\/et_pb_row][\/et_pb_section]<\/p>\n","protected":false},"excerpt":{"rendered":"<p><div class=\"et_pb_module dsm_icon_list dsm_icon_list_0\">\n\t\t\t\t\n\t\t\t\t\n\t\t\t\t\n\t\t\t\t\n\t\t\t\t\n\t\t\t\t\n\t\t\t\t<div class=\"et_pb_module_inner\">\n\t\t\t\t\t<ul class=\"dsm_icon_list_items dsm_icon_list_ltr_direction dsm_icon_list_layout_vertical\"><\/ul>\n\t\t\t\t<\/div>\n\t\t\t<\/div><li class=\"dsm_icon_list_child dsm_icon_list_child_0\">\n\t\t\t\t\n\t\t\t\t\n\t\t\t\t\n\t\t\t\t\n\t\t\t\t<span class=\"dsm_icon_list_wrapper\"><\/span><span class=\"dsm_icon_list_text\">Para m\u00e1s informes de los procesos de Certificaci\u00f3n<\/span>\n\t\t\t<\/li><li class=\"dsm_icon_list_child dsm_icon_list_child_1\">\n\t\t\t\t\n\t\t\t\t\n\t\t\t\t\n\t\t\t\t\n\t\t\t\t<span class=\"dsm_icon_list_wrapper\"><\/span><span class=\"dsm_icon_list_text\">Ing. Francis Murillo Camacho.<\/span>\n\t\t\t<\/li><li class=\"dsm_icon_list_child dsm_icon_list_child_2\">\n\t\t\t\t\n\t\t\t\t\n\t\t\t\t\n\t\t\t\t\n\t\t\t\t<span class=\"dsm_icon_list_wrapper\"><\/span><span class=\"dsm_icon_list_text\">Jefa del Departamento de la Entidad de Certificaci\u00f3n y Evaluaci\u00f3n CONOCER.<\/span>\n\t\t\t<\/li><li class=\"dsm_icon_list_child dsm_icon_list_child_3\">\n\t\t\t\t\n\t\t\t\t\n\t\t\t\t\n\t\t\t\t\n\t\t\t\t<span class=\"dsm_icon_list_wrapper\"><span class=\"dsm_icon_list_icon\"><\/span><\/span><span class=\"dsm_icon_list_text\">\u00bbTel.<\/span>\n\t\t\t<\/li><\/p>\n","protected":false},"author":1,"featured_media":0,"parent":0,"menu_order":0,"comment_status":"closed","ping_status":"closed","template":"","meta":{"_et_pb_use_builder":"on","_et_pb_old_content":"","_et_gb_content_width":"","footnotes":""},"class_list":["post-2704","page","type-page","status-publish","hentry"],"jetpack_sharing_enabled":true,"_links":{"self":[{"href":"https:\/\/utc.edu.mx\/index.php\/wp-json\/wp\/v2\/pages\/2704","targetHints":{"allow":["GET"]}}],"collection":[{"href":"https:\/\/utc.edu.mx\/index.php\/wp-json\/wp\/v2\/pages"}],"about":[{"href":"https:\/\/utc.edu.mx\/index.php\/wp-json\/wp\/v2\/types\/page"}],"author":[{"embeddable":true,"href":"https:\/\/utc.edu.mx\/index.php\/wp-json\/wp\/v2\/users\/1"}],"replies":[{"embeddable":true,"href":"https:\/\/utc.edu.mx\/index.php\/wp-json\/wp\/v2\/comments?post=2704"}],"version-history":[{"count":76,"href":"https:\/\/utc.edu.mx\/index.php\/wp-json\/wp\/v2\/pages\/2704\/revisions"}],"predecessor-version":[{"id":7047,"href":"https:\/\/utc.edu.mx\/index.php\/wp-json\/wp\/v2\/pages\/2704\/revisions\/7047"}],"wp:attachment":[{"href":"https:\/\/utc.edu.mx\/index.php\/wp-json\/wp\/v2\/media?parent=2704"}],"curies":[{"name":"wp","href":"https:\/\/api.w.org\/{rel}","templated":true}]}}