{"id":1821,"date":"2024-02-22T18:28:32","date_gmt":"2024-02-22T18:28:32","guid":{"rendered":"http:\/\/10.1.1.110\/?page_id=1821"},"modified":"2024-07-19T20:36:16","modified_gmt":"2024-07-19T20:36:16","slug":"maestria-manufactura-inteligente","status":"publish","type":"page","link":"https:\/\/utc.edu.mx\/index.php\/maestria-manufactura-inteligente\/","title":{"rendered":"Maestria manufactura inteligente"},"content":{"rendered":"<p>[et_pb_section fb_built=\u00bb1&#8243; _builder_version=\u00bb4.24.0&#8243; _module_preset=\u00bbdefault\u00bb da_disable_devices=\u00bboff|off|off\u00bb global_colors_info=\u00bb{}\u00bb da_is_popup=\u00bboff\u00bb da_exit_intent=\u00bboff\u00bb da_has_close=\u00bbon\u00bb da_alt_close=\u00bboff\u00bb da_dark_close=\u00bboff\u00bb da_not_modal=\u00bbon\u00bb da_is_singular=\u00bboff\u00bb da_with_loader=\u00bboff\u00bb da_has_shadow=\u00bbon\u00bb][et_pb_row _builder_version=\u00bb4.24.0&#8243; _module_preset=\u00bbdefault\u00bb global_colors_info=\u00bb{}\u00bb][et_pb_column type=\u00bb4_4&#8243; _builder_version=\u00bb4.24.0&#8243; _module_preset=\u00bbdefault\u00bb global_colors_info=\u00bb{}\u00bb][et_pb_image src=\u00bbhttp:\/\/10.1.1.110\/wp-content\/uploads\/2024\/02\/CINTILLA-POSGRADOS-OFERTA-EDUCATIVA.png\u00bb title_text=\u00bbCINTILLA POSGRADOS OFERTA EDUCATIVA\u00bb _builder_version=\u00bb4.24.0&#8243; _module_preset=\u00bbdefault\u00bb width=\u00bb70%\u00bb width_tablet=\u00bb100%\u00bb width_phone=\u00bb100%\u00bb width_last_edited=\u00bbon|tablet\u00bb min_height=\u00bb100px\u00bb global_colors_info=\u00bb{}\u00bb][\/et_pb_image][\/et_pb_column][\/et_pb_row][et_pb_row column_structure=\u00bb1_3,2_3&#8243; use_custom_gutter=\u00bbon\u00bb gutter_width=\u00bb1&#8243; make_equal=\u00bbon\u00bb _builder_version=\u00bb4.24.0&#8243; _module_preset=\u00bbdefault\u00bb background_enable_color=\u00bboff\u00bb width=\u00bb100%\u00bb width_tablet=\u00bb70%\u00bb width_phone=\u00bb\u00bb width_last_edited=\u00bbon|phone\u00bb custom_margin=\u00bb-80px||||false|false\u00bb custom_margin_tablet=\u00bb-50px||||false|false\u00bb custom_margin_phone=\u00bb-15px||||false|false\u00bb custom_margin_last_edited=\u00bbon|phone\u00bb custom_padding=\u00bb0px||||false|false\u00bb global_colors_info=\u00bb{}\u00bb][et_pb_column type=\u00bb1_3&#8243; _builder_version=\u00bb4.24.0&#8243; _module_preset=\u00bbdefault\u00bb global_colors_info=\u00bb{}\u00bb][et_pb_image src=\u00bbhttp:\/\/10.1.1.110\/wp-content\/uploads\/2024\/02\/PRINCIPAL-MAESTRIA.jpg\u00bb title_text=\u00bbPRINCIPAL MAESTR\u00cdA\u00bb _builder_version=\u00bb4.24.0&#8243; _module_preset=\u00bbdefault\u00bb custom_margin=\u00bb-50px||||false|false\u00bb global_colors_info=\u00bb{}\u00bb][\/et_pb_image][\/et_pb_column][et_pb_column type=\u00bb2_3&#8243; _builder_version=\u00bb4.24.0&#8243; _module_preset=\u00bbdefault\u00bb global_colors_info=\u00bb{}\u00bb][et_pb_image src=\u00bbhttps:\/\/utc.edu.mx\/wp-content\/uploads\/2024\/07\/BANNER-MAESTRIA.jpg\u00bb title_text=\u00bbBANNER MAESTR\u00cdA\u00bb force_fullwidth=\u00bbon\u00bb _builder_version=\u00bb4.27.0&#8243; _module_preset=\u00bbdefault\u00bb background_enable_color=\u00bboff\u00bb width_tablet=\u00bb112%\u00bb width_phone=\u00bb100%\u00bb width_last_edited=\u00bbon|phone\u00bb module_alignment=\u00bbleft\u00bb min_height=\u00bb208px\u00bb min_height_tablet=\u00bb89px\u00bb min_height_phone=\u00bb87px\u00bb min_height_last_edited=\u00bbon|tablet\u00bb height=\u00bb127px\u00bb custom_margin=\u00bb-50px||||false|false\u00bb custom_margin_tablet=\u00bb-59px|||0px|false|false\u00bb custom_margin_phone=\u00bb|||0px|false|false\u00bb custom_margin_last_edited=\u00bbon|tablet\u00bb custom_padding=\u00bb||||false|false\u00bb module_alignment_tablet=\u00bbleft\u00bb module_alignment_phone=\u00bbleft\u00bb module_alignment_last_edited=\u00bbon|desktop\u00bb global_colors_info=\u00bb{}\u00bb][\/et_pb_image][dsm_button button_one_text=\u00bbMaestr\u00eda en Ingenier\u00eda para la Manufactura Inteligente\u00bb button_one_url=\u00bbindex.php\/322-2&#8243; button_alignment_tablet=\u00bbcenter\u00bb button_alignment_phone=\u00bbcenter\u00bb button_alignment_last_edited=\u00bbon|phone\u00bb _builder_version=\u00bb4.27.0&#8243; _module_preset=\u00bbdefault\u00bb separator_text_font=\u00bb|700|||||||\u00bb button_one_text_size=\u00bb27px\u00bb button_one_text_color=\u00bb#000000&#8243; button_one_bg_color=\u00bb#e6e6e6&#8243; button_one_border_radius=\u00bb0px\u00bb button_one_custom_margin=\u00bb-20px|||-2px|false|false\u00bb button_one_custom_margin_tablet=\u00bb-39px|-11px||-11px|false|false\u00bb button_one_custom_margin_phone=\u00bb|||0px|false|false\u00bb button_one_custom_margin_last_edited=\u00bbon|tablet\u00bb button_one_custom_padding=\u00bb20px|30px||32px|false|false\u00bb button_one_custom_padding_tablet=\u00bb24px|95px||95px|false|false\u00bb button_one_custom_padding_phone=\u00bb|80px||80px|false|false\u00bb button_one_custom_padding_last_edited=\u00bbon|phone\u00bb hover_enabled=\u00bb0&#8243; button_one_text_size_tablet=\u00bb20px\u00bb button_one_text_size_phone=\u00bb18px\u00bb button_one_text_size_last_edited=\u00bbon|phone\u00bb global_colors_info=\u00bb{}\u00bb sticky_enabled=\u00bb0&#8243;][\/dsm_button][\/et_pb_column][\/et_pb_row][et_pb_row column_structure=\u00bb1_3,2_3&#8243; _builder_version=\u00bb4.24.0&#8243; _module_preset=\u00bbdefault\u00bb global_colors_info=\u00bb{}\u00bb][et_pb_column type=\u00bb1_3&#8243; _builder_version=\u00bb4.24.0&#8243; _module_preset=\u00bbdefault\u00bb global_colors_info=\u00bb{}\u00bb][et_pb_text _builder_version=\u00bb4.24.0&#8243; _module_preset=\u00bbdefault\u00bb text_font=\u00bbRoboto|700||on|||||\u00bb text_text_color=\u00bb#FFFFFF\u00bb text_font_size=\u00bb24px\u00bb background_color=\u00bb#000000&#8243; text_orientation=\u00bbcenter\u00bb custom_margin=\u00bb-30px||||false|false\u00bb custom_padding=\u00bb10px||10px||false|false\u00bb global_colors_info=\u00bb{}\u00bb]<\/p>\n<p>Posgrado Duraci\u00f3n: 2 a\u00f1os<\/p>\n<p>[\/et_pb_text][et_pb_text _builder_version=\u00bb4.24.0&#8243; _module_preset=\u00bbdefault\u00bb text_font=\u00bbRoboto|700|||||||\u00bb text_text_color=\u00bb#FFFFFF\u00bb text_font_size=\u00bb20px\u00bb background_color=\u00bb#005a3e\u00bb text_orientation=\u00bbcenter\u00bb custom_margin=\u00bb-24px||||false|false\u00bb custom_padding=\u00bb10px||10px||true|false\u00bb global_colors_info=\u00bb{}\u00bb]<\/p>\n<p>PLAN DE ESTUDIOS CUATRIMESTRAL<\/p>\n<p>[\/et_pb_text][dsm_faq dsm_open_font_icon=\u00bb&#x33;||divi||400&#8243; dsm_close_font_icon=\u00bb&#x32;||divi||400&#8243; dsm_icon_placement=\u00bbright\u00bb _builder_version=\u00bb4.24.0&#8243; _module_preset=\u00bbdefault\u00bb header_level=\u00bbh4&#8243; header_font=\u00bbRoboto|700|||||||\u00bb header_text_color=\u00bb#0C71C3&#8243; closed_header_font=\u00bbRoboto|700|||||||\u00bb content_font=\u00bbRoboto||||||||\u00bb background_enable_color=\u00bboff\u00bb custom_margin=\u00bb-20px||||false|false\u00bb box_shadow_style=\u00bbpreset3&#8243; global_colors_info=\u00bb{}\u00bb][dsm_faq_child dsm_title=\u00bbCuatrimestre 1&#8243; dsm_content=\u00bb<\/p>\n<ul>\n<li>Manufactura Inteligente<\/li>\n<li>M\u00e9todos De An\u00e1lisis Multivariado<\/li>\n<li>Ingenier\u00eda Para La Innovaci\u00f3n De Procesos Y Productos Sustentables<\/li>\n<li>Programaci\u00f3n Orientada A Objetos Y Aplicaciones<\/li>\n<\/ul>\n<p>\u00bb dsm_child_open_font_icon=\u00bb&#x33;||divi||400&#8243; dsm_child_close_font_icon=\u00bb&#x32;||divi||400&#8243; dsm_open_bg_color=\u00bb#FFFFFF\u00bb _builder_version=\u00bb4.24.0&#8243; _module_preset=\u00bbdefault\u00bb header_item_font=\u00bbRoboto|700|||||||\u00bb header_item_text_align=\u00bbcenter\u00bb header_item_text_color=\u00bb#000000&#8243; header_item_text_shadow_style=\u00bbpreset1&#8243; global_colors_info=\u00bb{}\u00bb parentOrderClass=\u00bbdsm_faq_0&#8243;][\/dsm_faq_child][dsm_faq_child dsm_title=\u00bbCuatrimestre 2&#8243; dsm_content=\u00bb<\/p>\n<ul>\n<li>Ingenier\u00eda De Datos<\/li>\n<li>Seminario Proyecto Aplicativo I<\/li>\n<li>Dise\u00f1o Y Modelado Orientado A La Fabricaci\u00f3n<\/li>\n<li>Ingenier\u00eda Inversa<\/li>\n<\/ul>\n<p>\u00bb dsm_child_open_font_icon=\u00bb&#x33;||divi||400&#8243; dsm_child_close_font_icon=\u00bb&#x32;||divi||400&#8243; dsm_open_bg_color=\u00bb#FFFFFF\u00bb _builder_version=\u00bb4.24.0&#8243; _module_preset=\u00bbdefault\u00bb header_item_font=\u00bbRoboto|700|||||||\u00bb header_item_text_align=\u00bbcenter\u00bb header_item_text_color=\u00bb#000000&#8243; header_item_text_shadow_style=\u00bbpreset1&#8243; global_colors_info=\u00bb{}\u00bb parentOrderClass=\u00bbdsm_faq_0&#8243;][\/dsm_faq_child][dsm_faq_child dsm_title=\u00bbCuatrimestre 3&#8243; dsm_content=\u00bb<\/p>\n<ul>\n<li>Sistemas Integrados De Informaci\u00f3n Y Kpis<\/li>\n<li>Ingenieria De Proyectos Industriales<\/li>\n<li>Tecnolog\u00edas Innovadoras Para La Manufactura<\/li>\n<li>Materiales Avanzados Para La Manufactura<\/li>\n<\/ul>\n<p>\u00bb dsm_child_open_font_icon=\u00bb&#x33;||divi||400&#8243; dsm_child_close_font_icon=\u00bb&#x32;||divi||400&#8243; dsm_open_bg_color=\u00bb#FFFFFF\u00bb _builder_version=\u00bb4.24.0&#8243; _module_preset=\u00bbdefault\u00bb header_item_font=\u00bbRoboto|700|||||||\u00bb header_item_text_align=\u00bbcenter\u00bb header_item_text_color=\u00bb#000000&#8243; header_item_text_shadow_style=\u00bbpreset1&#8243; global_colors_info=\u00bb{}\u00bb parentOrderClass=\u00bbdsm_faq_0&#8243;][\/dsm_faq_child][dsm_faq_child dsm_title=\u00bbCuatrimestre 4&#8243; dsm_content=\u00bb<\/p>\n<ul>\n<li>Seminario Proyecto Aplicativo II<\/li>\n<li>Plataformas De Servicios En La Nube<\/li>\n<li>Sistemas Inteligentes De Mantenimiento<\/li>\n<li>Modelado Por Elemento Finito<\/li>\n<\/ul>\n<p>\u00bb dsm_child_open_font_icon=\u00bb&#x33;||divi||400&#8243; dsm_child_close_font_icon=\u00bb&#x32;||divi||400&#8243; dsm_open_bg_color=\u00bb#FFFFFF\u00bb _builder_version=\u00bb4.24.0&#8243; _module_preset=\u00bbdefault\u00bb header_item_font=\u00bbRoboto|700|||||||\u00bb header_item_text_align=\u00bbcenter\u00bb header_item_text_color=\u00bb#000000&#8243; header_item_text_shadow_style=\u00bbpreset1&#8243; global_colors_info=\u00bb{}\u00bb parentOrderClass=\u00bbdsm_faq_0&#8243;][\/dsm_faq_child][dsm_faq_child dsm_title=\u00bbCuatrimestre 5&#8243; dsm_content=\u00bb<\/p>\n<ul>\n<li>Ingenier\u00eda De Calidad Y Confiabilidad<\/li>\n<li>Inteligencia De Negocios Para La Toma De Deciciones<\/li>\n<li>Gesti\u00f3n Del Ciclo De Vida Del Producto Plm<\/li>\n<li>Ambientes De Simulaci\u00f3n De Procesos<\/li>\n<\/ul>\n<p>\u00bb dsm_child_open_font_icon=\u00bb&#x33;||divi||400&#8243; dsm_child_close_font_icon=\u00bb&#x32;||divi||400&#8243; dsm_open_bg_color=\u00bb#FFFFFF\u00bb _builder_version=\u00bb4.24.0&#8243; _module_preset=\u00bbdefault\u00bb header_item_font=\u00bbRoboto|700|||||||\u00bb header_item_text_align=\u00bbcenter\u00bb header_item_text_color=\u00bb#000000&#8243; header_item_text_shadow_style=\u00bbpreset1&#8243; global_colors_info=\u00bb{}\u00bb parentOrderClass=\u00bbdsm_faq_0&#8243;][\/dsm_faq_child][dsm_faq_child dsm_title=\u00bbCuatrimestre 6&#8243; dsm_content=\u00bb<\/p>\n<ul>\n<li>Seminario De Titulaci\u00f3n<\/li>\n<li>Estad\u00eda<\/li>\n<\/ul>\n<p>\u00bb dsm_child_open_font_icon=\u00bb&#x33;||divi||400&#8243; dsm_child_close_font_icon=\u00bb&#x32;||divi||400&#8243; dsm_open_bg_color=\u00bb#FFFFFF\u00bb _builder_version=\u00bb4.24.0&#8243; _module_preset=\u00bbdefault\u00bb header_item_font=\u00bbRoboto|700|||||||\u00bb header_item_text_align=\u00bbcenter\u00bb header_item_text_color=\u00bb#000000&#8243; header_item_text_shadow_style=\u00bbpreset1&#8243; global_colors_info=\u00bb{}\u00bb parentOrderClass=\u00bbdsm_faq_0&#8243;][\/dsm_faq_child][\/dsm_faq][\/et_pb_column][et_pb_column type=\u00bb2_3&#8243; _builder_version=\u00bb4.24.0&#8243; _module_preset=\u00bbdefault\u00bb global_colors_info=\u00bb{}\u00bb][et_pb_text _builder_version=\u00bb4.24.0&#8243; _module_preset=\u00bbdefault\u00bb text_font=\u00bbRoboto||||||||\u00bb global_colors_info=\u00bb{}\u00bb]<\/p>\n<p style=\"text-align: justify;\">El Maestro en Ingenier\u00eda para la Manufactura Inteligente cuenta con las competencias profesionales necesarias para su desempe\u00f1o en el campo laboral, en el \u00e1mbito local, regional y nacional.<\/p>\n<p>[\/et_pb_text][et_pb_divider divider_weight=\u00bb3px\u00bb _builder_version=\u00bb4.24.0&#8243; _module_preset=\u00bbdefault\u00bb background_color=\u00bbRGBA(255,255,255,0)\u00bb custom_margin=\u00bb||1px||false|false\u00bb global_colors_info=\u00bb{}\u00bb][\/et_pb_divider][et_pb_text _builder_version=\u00bb4.24.0&#8243; _module_preset=\u00bbdefault\u00bb text_font=\u00bbRoboto|900|||||||\u00bb text_font_size=\u00bb22px\u00bb text_orientation=\u00bbcenter\u00bb width=\u00bb100%\u00bb custom_margin=\u00bb||||false|false\u00bb custom_padding=\u00bb0px||||false|false\u00bb global_colors_info=\u00bb{}\u00bb]<\/p>\n<p>Competencias Profesionales<\/p>\n<p>[\/et_pb_text][et_pb_text _builder_version=\u00bb4.24.0&#8243; _module_preset=\u00bbdefault\u00bb text_font=\u00bbRoboto||||||||\u00bb global_colors_info=\u00bb{}\u00bb]<\/p>\n<p style=\"text-align: justify;\">Las competencias profesionales son las destrezas y actitudes que permiten al Maestro en Ingenier\u00eda para la Manufactura Inteligente desarrollar actividades en su \u00e1rea profesional, adaptarse a nuevas situaciones, as\u00ed como transferir, si es necesario, sus conocimientos, habilidades y actitudes a \u00e1reas profesionales pr\u00f3ximas.<\/p>\n<p style=\"text-align: justify;\">Las competencias profesionales que integran el perfil profesional del Maestro en Ingenier\u00eda para la Manufactura Inteligente se clasifican en dos categor\u00edas:<\/p>\n<p style=\"text-align: justify;\"><strong>Competencias Gen\u00e9ricas:<\/strong> Son las que permiten al egresado aprender a lo largo de su vida y son comunes a todos los perfiles profesionales; est\u00e1n integradas por habilidades instrumentales, interpersonales, sist\u00e9micas, gerenciales y para comunicarse en un segundo idioma.<\/p>\n<p style=\"text-align: justify;\">C<strong>ompetencias Espec\u00edficas:<\/strong> Son la base de la especializaci\u00f3n, constituyen el sustento te\u00f3rico-metodol\u00f3gico que caracteriza a la disciplina, y permiten responder a necesidades espec\u00edficas de cada sector productivo y regi\u00f3n.<\/p>\n<p>[\/et_pb_text][\/et_pb_column][\/et_pb_row][et_pb_row column_structure=\u00bb1_2,1_2&#8243; _builder_version=\u00bb4.24.0&#8243; _module_preset=\u00bbdefault\u00bb global_colors_info=\u00bb{}\u00bb][et_pb_column type=\u00bb1_2&#8243; _builder_version=\u00bb4.24.0&#8243; _module_preset=\u00bbdefault\u00bb global_colors_info=\u00bb{}\u00bb][et_pb_divider divider_weight=\u00bb3px\u00bb _builder_version=\u00bb4.24.0&#8243; _module_preset=\u00bbdefault\u00bb background_color=\u00bbRGBA(255,255,255,0)\u00bb custom_margin=\u00bb||1px||false|false\u00bb global_colors_info=\u00bb{}\u00bb][\/et_pb_divider][et_pb_text _builder_version=\u00bb4.24.0&#8243; _module_preset=\u00bbdefault\u00bb text_font=\u00bbRoboto|900|||||||\u00bb text_font_size=\u00bb22px\u00bb text_orientation=\u00bbcenter\u00bb width=\u00bb100%\u00bb custom_margin=\u00bb||||false|false\u00bb custom_padding=\u00bb0px||||false|false\u00bb global_colors_info=\u00bb{}\u00bb]<\/p>\n<p>Competencias Espec\u00edficas<\/p>\n<p>[\/et_pb_text][et_pb_text _builder_version=\u00bb4.24.0&#8243; _module_preset=\u00bbdefault\u00bb text_font=\u00bbRoboto||||||||\u00bb global_colors_info=\u00bb{}\u00bb]<\/p>\n<p style=\"text-align: justify;\"><strong>Competencia Transversal.<\/strong> Proponer proyectos para la adopci\u00f3n de tecnolog\u00edas digitales y de manufactura, considerando metodolog\u00edas y aplicaciones de ingenier\u00eda, principios de sustentabilidad, normativa vigente y tecnolog\u00edas emergentes, a trav\u00e9s de software especializado y herramientas inform\u00e1ticas para la optimizaci\u00f3n de procesos y productos.<\/p>\n<p style=\"text-align: justify;\"><strong>Competencia Espec\u00edfica 2.<\/strong> Integrar soluciones inteligentes de base tecnol\u00f3gica mediante el dise\u00f1o y modelado de redes industriales, protocolos de comunicaci\u00f3n, automatizaci\u00f3n y control, rob\u00f3tica industrial a trav\u00e9s de ambientes de desarrollo de aplicaciones, software de simulaci\u00f3n, ingenier\u00eda de datos, desarrollo de sistemas inteligentes y plataformas embebidas, considerando las capacidades y requerimientos del cliente, as\u00ed como tambi\u00e9n los aspectos de conectividad, ciberseguridad y c\u00f3mputo en la nube para la transformaci\u00f3n de los procesos productivos, la digitalizaci\u00f3n de la manufactura y la toma de decisiones.<\/p>\n<p>[\/et_pb_text][\/et_pb_column][et_pb_column type=\u00bb1_2&#8243; _builder_version=\u00bb4.24.0&#8243; _module_preset=\u00bbdefault\u00bb global_colors_info=\u00bb{}\u00bb][et_pb_divider divider_weight=\u00bb3px\u00bb _builder_version=\u00bb4.24.0&#8243; _module_preset=\u00bbdefault\u00bb background_color=\u00bbRGBA(255,255,255,0)\u00bb custom_margin=\u00bb||1px||false|false\u00bb global_colors_info=\u00bb{}\u00bb][\/et_pb_divider][et_pb_text _builder_version=\u00bb4.24.0&#8243; _module_preset=\u00bbdefault\u00bb text_font=\u00bbRoboto|900|||||||\u00bb text_font_size=\u00bb22px\u00bb text_orientation=\u00bbcenter\u00bb width=\u00bb100%\u00bb custom_margin=\u00bb||||false|false\u00bb custom_padding=\u00bb0px||||false|false\u00bb global_colors_info=\u00bb{}\u00bb]<\/p>\n<p>Competencias Gen\u00e9ricas<\/p>\n<p>[\/et_pb_text][et_pb_text _builder_version=\u00bb4.24.0&#8243; _module_preset=\u00bbdefault\u00bb text_font=\u00bbRoboto||||||||\u00bb global_colors_info=\u00bb{}\u00bb]<\/p>\n<p style=\"text-align: justify;\"><b>Competencia 1:<\/b> Actuar con valores y actitudes proactivas de excelencia en su desarrollo personal, social y organizacional, en armon\u00eda con su medio ambiente para desarrollar su potencial personal, social, y organizacional.<\/p>\n<p style=\"text-align: justify;\"><b>Competencia 2:<\/b> Comunicar sentimientos, pensamientos, conocimientos, experiencias, ideas, reflexiones, opiniones, a trav\u00e9s de expresiones sencillas y de uso com\u00fan, en forma productiva y receptiva en el idioma ingl\u00e9s de acuerdo al nivel A2, usuario b\u00e1sico, del Marco de Referencia Europeo para contribuir en el desempe\u00f1o de sus funciones en su entorno laboral, social y personal.<\/p>\n<p style=\"text-align: justify;\"><b>Competencia 3:<\/b> Comunicar sentimientos, pensamientos, conocimientos, experiencias, ideas, reflexiones y opiniones, de forma clara y detallada, sobre temas concretos y abstractos en su contexto profesional y sociocultural, de acuerdo al nivel B2, usuario independiente, del Marco de Referencia Europeo, para fundamentar y proponer mejoras en las organizaciones y contribuir responsablemente al desarrollo sociocultural.<\/p>\n<p>[\/et_pb_text][\/et_pb_column][\/et_pb_row][et_pb_row _builder_version=\u00bb4.24.0&#8243; _module_preset=\u00bbdefault\u00bb global_colors_info=\u00bb{}\u00bb][et_pb_column type=\u00bb4_4&#8243; _builder_version=\u00bb4.24.0&#8243; _module_preset=\u00bbdefault\u00bb global_colors_info=\u00bb{}\u00bb][et_pb_divider divider_weight=\u00bb3px\u00bb _builder_version=\u00bb4.24.0&#8243; _module_preset=\u00bbdefault\u00bb background_color=\u00bbRGBA(255,255,255,0)\u00bb custom_margin=\u00bb||1px||false|false\u00bb global_colors_info=\u00bb{}\u00bb][\/et_pb_divider][et_pb_text _builder_version=\u00bb4.24.0&#8243; _module_preset=\u00bbdefault\u00bb text_font=\u00bbRoboto|900|||||||\u00bb text_font_size=\u00bb22px\u00bb text_orientation=\u00bbcenter\u00bb width=\u00bb100%\u00bb custom_margin=\u00bb||||false|false\u00bb custom_padding=\u00bb0px||||false|false\u00bb global_colors_info=\u00bb{}\u00bb]<\/p>\n<p>L\u00ednea Terminal Integraci\u00f3n de Tecnolog\u00edas para la Manufactura Inteligente<\/p>\n<p>[\/et_pb_text][et_pb_text _builder_version=\u00bb4.24.0&#8243; _module_preset=\u00bbdefault\u00bb text_font=\u00bbRoboto||||||||\u00bb global_colors_info=\u00bb{}\u00bb]<\/p>\n<p style=\"text-align: justify;\">Dise\u00f1ar soluciones innovadoras de base tecnol\u00f3gica que contribuyan a solventar la problem\u00e1tica que enfrentan las organizaciones para hacer frente a la transformaci\u00f3n digital.<\/p>\n<ul>\n<li style=\"text-align: justify;\">Reconvertir los procesos productivos tradicionales a procesos de manufactura inteligente mediante la integraci\u00f3n de tecnolog\u00edas emergentes (rob\u00f3tica, sistemas inteligentes, impresi\u00f3n 3D, big data y analytics, realidad aumentada, inteligencia artificial)<\/li>\n<li style=\"text-align: justify;\">Utilizar herramientas de dise\u00f1o y simulaci\u00f3n para la creaci\u00f3n de gemelos digitales.<\/li>\n<li style=\"text-align: justify;\">Manejar herramientas estad\u00edsticas, inform\u00e1ticas y plataformas digitales para el almacenamiento, procesamiento y an\u00e1lisis de datos para la toma de decisiones.<\/li>\n<li style=\"text-align: justify;\">Aplicar t\u00e9cnicas de la ingenier\u00eda de confiabilidad y de an\u00e1lisis de datos para disminuir fallas de los sistemas.<\/li>\n<li style=\"text-align: justify;\">Aplicar metodolog\u00edas de la manufactura para el diagn\u00f3stico e identificaci\u00f3n de problemas y la generaci\u00f3n de propuestas de soluci\u00f3n.<\/li>\n<li style=\"text-align: justify;\">Gestionar proyectos de ingenier\u00eda industrial y de manufactura sustentable que incorporen tecnolog\u00edas emergentes para mejorar la eficiencia operativa y competitividad de la organizaci\u00f3n.<\/li>\n<\/ul>\n<p>[\/et_pb_text][\/et_pb_column][\/et_pb_row][\/et_pb_section]<\/p>\n","protected":false},"excerpt":{"rendered":"<p><div class=\"et_pb_module dsm_button dsm_button_0 et_pb_bg_layout_light\">\n\t\t\t\t\n\t\t\t\t\n\t\t\t\t\n\t\t\t\t\n\t\t\t\t\n\t\t\t\t\n\t\t\t\t<div class=\"et_pb_module_inner\">\n\t\t\t\t\t<div class=\"et_pb_button_module_wrappers dsm_button_0_wrapper et_pb_button_alignment_center et_pb_button_alignment_tablet_center et_pb_button_alignment_phone_center et_pb_module\">\n\t\t\t\t<a class=\"et_pb_button et_pb_button_one et_pb_bg_layout_light dsm-grow \"  href=\"index.php\/322-2\" data-dsm-lightbox-id=\"dsm_button_one_lightbox dsm_button_0\">Maestr\u00eda en Ingenier\u00eda para la Manufactura Inteligente<\/a>\n\t\t\t<\/div>\n\t\t\t\t<\/div>\n\t\t\t<\/div>Posgrado Duraci\u00f3n: 2 a\u00f1osPLAN DE ESTUDIOS CUATRIMESTRAL<div class=\"et_pb_module dsm_faq dsm_faq_0\">\n\t\t\t\t\n\t\t\t\t\n\t\t\t\t\n\t\t\t\t\n\t\t\t\t\n\t\t\t\t\n\t\t\t\t<div class=\"et_pb_module_inner\">\n\t\t\t\t\t<div class=\"dsm-faq-container dsm-front\" data-accordion=\"off\" data-open_first_item=\"off\">\n\t\t\t\t\n\t\t\t <\/div>\n\t\t\t \n\t\t\t\n\t\t\t\t<\/div>\n\t\t\t<\/div><div class=\"dsm_faq_child_0 dsm-faq-item-wrapper\">\n\t\t\t\t<div class=\"dsm-title-wrapper\">\n\t\t\t\t <div class=\"dsm-title-inner-wrapper\">\n\t\t\t\t   \n\t\t\t\t   \n\t\t\t\t   \n\t\t\t\t   \n\t\t\t\t   <h4 class=\"dsm-faq-title\">\u00bbCuatrimestre<\/h4>\n\t\t\t\t <\/div> \n\t\t\t\t <div class=\"dsm-faq-item-inner-wrapper\">\n\t\t\t\t   <div class=\"dsm_open_icon\"><span>3<\/span><\/div>\n\t\t\t\t   <div class=\"dsm_close_icon\"><span>2<\/span><\/div>\n\t\t\t\t   \n\t\t\t\t   \n\t\t\t\t <\/div>\n\t\t\t\t<\/div>\n\t\t\t\t\n\t\t\t <\/div>\n\t\t\t<\/p>\n","protected":false},"author":1,"featured_media":0,"parent":0,"menu_order":0,"comment_status":"closed","ping_status":"closed","template":"","meta":{"_et_pb_use_builder":"on","_et_pb_old_content":"","_et_gb_content_width":"","footnotes":""},"class_list":["post-1821","page","type-page","status-publish","hentry"],"jetpack_sharing_enabled":true,"_links":{"self":[{"href":"https:\/\/utc.edu.mx\/index.php\/wp-json\/wp\/v2\/pages\/1821","targetHints":{"allow":["GET"]}}],"collection":[{"href":"https:\/\/utc.edu.mx\/index.php\/wp-json\/wp\/v2\/pages"}],"about":[{"href":"https:\/\/utc.edu.mx\/index.php\/wp-json\/wp\/v2\/types\/page"}],"author":[{"embeddable":true,"href":"https:\/\/utc.edu.mx\/index.php\/wp-json\/wp\/v2\/users\/1"}],"replies":[{"embeddable":true,"href":"https:\/\/utc.edu.mx\/index.php\/wp-json\/wp\/v2\/comments?post=1821"}],"version-history":[{"count":12,"href":"https:\/\/utc.edu.mx\/index.php\/wp-json\/wp\/v2\/pages\/1821\/revisions"}],"predecessor-version":[{"id":4445,"href":"https:\/\/utc.edu.mx\/index.php\/wp-json\/wp\/v2\/pages\/1821\/revisions\/4445"}],"wp:attachment":[{"href":"https:\/\/utc.edu.mx\/index.php\/wp-json\/wp\/v2\/media?parent=1821"}],"curies":[{"name":"wp","href":"https:\/\/api.w.org\/{rel}","templated":true}]}}