{"id":1475,"date":"2024-02-20T20:48:48","date_gmt":"2024-02-20T20:48:48","guid":{"rendered":"http:\/\/10.1.1.110\/?page_id=1475"},"modified":"2024-07-19T21:00:10","modified_gmt":"2024-07-19T21:00:10","slug":"energias-renovables","status":"publish","type":"page","link":"https:\/\/utc.edu.mx\/index.php\/energias-renovables\/","title":{"rendered":"Energias renovables"},"content":{"rendered":"<p>[et_pb_section fb_built=\u00bb1&#8243; _builder_version=\u00bb4.24.0&#8243; _module_preset=\u00bbdefault\u00bb da_disable_devices=\u00bboff|off|off\u00bb global_colors_info=\u00bb{}\u00bb da_is_popup=\u00bboff\u00bb da_exit_intent=\u00bboff\u00bb da_has_close=\u00bbon\u00bb da_alt_close=\u00bboff\u00bb da_dark_close=\u00bboff\u00bb da_not_modal=\u00bbon\u00bb da_is_singular=\u00bboff\u00bb da_with_loader=\u00bboff\u00bb da_has_shadow=\u00bbon\u00bb][et_pb_row _builder_version=\u00bb4.24.0&#8243; _module_preset=\u00bbdefault\u00bb global_colors_info=\u00bb{}\u00bb][et_pb_column type=\u00bb4_4&#8243; _builder_version=\u00bb4.24.0&#8243; _module_preset=\u00bbdefault\u00bb global_colors_info=\u00bb{}\u00bb][et_pb_image src=\u00bbhttp:\/\/10.1.1.110\/wp-content\/uploads\/2024\/02\/CINTILLA-INGENIERIAS-OFERTA-EDUCATIVA.png\u00bb title_text=\u00bbCINTILLA INGENIERIAS OFERTA EDUCATIVA\u00bb _builder_version=\u00bb4.24.0&#8243; _module_preset=\u00bbdefault\u00bb width=\u00bb70%\u00bb width_tablet=\u00bb100%\u00bb width_phone=\u00bb100%\u00bb width_last_edited=\u00bbon|tablet\u00bb min_height=\u00bb100px\u00bb global_colors_info=\u00bb{}\u00bb][\/et_pb_image][\/et_pb_column][\/et_pb_row][et_pb_row column_structure=\u00bb1_3,2_3&#8243; use_custom_gutter=\u00bbon\u00bb gutter_width=\u00bb1&#8243; make_equal=\u00bbon\u00bb _builder_version=\u00bb4.24.0&#8243; _module_preset=\u00bbdefault\u00bb background_enable_color=\u00bboff\u00bb width=\u00bb100%\u00bb width_tablet=\u00bb70%\u00bb width_phone=\u00bb\u00bb width_last_edited=\u00bbon|phone\u00bb custom_margin=\u00bb-80px||||false|false\u00bb custom_margin_tablet=\u00bb-50px||||false|false\u00bb custom_margin_phone=\u00bb-15px||||false|false\u00bb custom_margin_last_edited=\u00bbon|phone\u00bb custom_padding=\u00bb0px||||false|false\u00bb global_colors_info=\u00bb{}\u00bb][et_pb_column type=\u00bb1_3&#8243; _builder_version=\u00bb4.24.0&#8243; _module_preset=\u00bbdefault\u00bb global_colors_info=\u00bb{}\u00bb][et_pb_image src=\u00bbhttp:\/\/10.1.1.110\/wp-content\/uploads\/2024\/02\/PRINCIPAL-ENERGIAS-RENOVABLES.jpg\u00bb title_text=\u00bbPRINCIPAL ENERGIAS RENOVABLES\u00bb _builder_version=\u00bb4.24.0&#8243; _module_preset=\u00bbdefault\u00bb custom_margin=\u00bb-50px||||false|false\u00bb global_colors_info=\u00bb{}\u00bb][\/et_pb_image][\/et_pb_column][et_pb_column type=\u00bb2_3&#8243; _builder_version=\u00bb4.24.0&#8243; _module_preset=\u00bbdefault\u00bb global_colors_info=\u00bb{}\u00bb][et_pb_image src=\u00bbhttp:\/\/10.1.1.110\/wp-content\/uploads\/2024\/02\/banner-energias-renovables-ACTUAL.jpg\u00bb title_text=\u00bbbanner energias renovables ACTUAL\u00bb force_fullwidth=\u00bbon\u00bb _builder_version=\u00bb4.24.0&#8243; _module_preset=\u00bbdefault\u00bb background_enable_color=\u00bboff\u00bb width_tablet=\u00bb112%\u00bb width_phone=\u00bb100%\u00bb width_last_edited=\u00bbon|phone\u00bb module_alignment=\u00bbleft\u00bb min_height=\u00bb208px\u00bb min_height_tablet=\u00bb89px\u00bb min_height_phone=\u00bb87px\u00bb min_height_last_edited=\u00bbon|tablet\u00bb height=\u00bb127px\u00bb custom_margin=\u00bb-50px||||false|false\u00bb custom_margin_tablet=\u00bb-59px|||0px|false|false\u00bb custom_margin_phone=\u00bb|||0px|false|false\u00bb custom_margin_last_edited=\u00bbon|tablet\u00bb custom_padding=\u00bb||||false|false\u00bb module_alignment_tablet=\u00bbleft\u00bb module_alignment_phone=\u00bbleft\u00bb module_alignment_last_edited=\u00bbon|desktop\u00bb global_colors_info=\u00bb{}\u00bb][\/et_pb_image][dsm_button button_one_text=\u00bbEnerg\u00edas Renovables\u00bb button_one_url=\u00bbindex.php\/322-2&#8243; button_alignment_tablet=\u00bbcenter\u00bb button_alignment_phone=\u00bbcenter\u00bb button_alignment_last_edited=\u00bbon|phone\u00bb _builder_version=\u00bb4.27.0&#8243; _module_preset=\u00bbdefault\u00bb separator_text_font=\u00bb|700|||||||\u00bb button_one_text_color=\u00bb#000000&#8243; button_one_bg_color=\u00bb#e6e6e6&#8243; button_one_border_radius=\u00bb0px\u00bb button_one_custom_margin=\u00bb-16px|||-2px|false|false\u00bb button_one_custom_margin_tablet=\u00bb-39px|-11px||-11px|false|false\u00bb button_one_custom_margin_phone=\u00bb|-3px||0px|false|false\u00bb button_one_custom_margin_last_edited=\u00bbon|tablet\u00bb button_one_custom_padding=\u00bb20px|238px||249px|false|false\u00bb button_one_custom_padding_tablet=\u00bb24px|95px||95px|false|false\u00bb button_one_custom_padding_phone=\u00bb|76px||38px|false|false\u00bb button_one_custom_padding_last_edited=\u00bbon|phone\u00bb hover_enabled=\u00bb0&#8243; button_one_text_size_tablet=\u00bb20px\u00bb button_one_text_size_phone=\u00bb18px\u00bb button_one_text_size_last_edited=\u00bbon|phone\u00bb global_colors_info=\u00bb{}\u00bb sticky_enabled=\u00bb0&#8243;][\/dsm_button][\/et_pb_column][\/et_pb_row][et_pb_row column_structure=\u00bb1_3,2_3&#8243; _builder_version=\u00bb4.24.0&#8243; _module_preset=\u00bbdefault\u00bb global_colors_info=\u00bb{}\u00bb][et_pb_column type=\u00bb1_3&#8243; _builder_version=\u00bb4.24.0&#8243; _module_preset=\u00bbdefault\u00bb global_colors_info=\u00bb{}\u00bb][et_pb_text _builder_version=\u00bb4.24.0&#8243; _module_preset=\u00bbdefault\u00bb text_font=\u00bbRoboto|700|||||||\u00bb text_text_color=\u00bb#FFFFFF\u00bb text_font_size=\u00bb20px\u00bb background_color=\u00bb#005a3e\u00bb text_orientation=\u00bbcenter\u00bb custom_margin=\u00bb-30px||||false|false\u00bb custom_padding=\u00bb10px||10px||true|false\u00bb global_colors_info=\u00bb{}\u00bb]<\/p>\n<p>PLAN DE ESTUDIOS CUATRIMESTRAL<\/p>\n<p>[\/et_pb_text][et_pb_text _builder_version=\u00bb4.24.0&#8243; _module_preset=\u00bbdefault\u00bb text_font=\u00bbRoboto|700|||||||\u00bb text_text_color=\u00bb#FFFFFF\u00bb text_font_size=\u00bb20px\u00bb background_color=\u00bb#000000&#8243; text_orientation=\u00bbcenter\u00bb custom_margin=\u00bb-24px||||false|false\u00bb custom_padding=\u00bb10px||10px||false|false\u00bb global_colors_info=\u00bb{}\u00bb]<\/p>\n<p>T\u00e9cnico Superior Universitario Duraci\u00f3n: 2 a\u00f1os<\/p>\n<p>[\/et_pb_text][dsm_faq dsm_open_font_icon=\u00bb&#x33;||divi||400&#8243; dsm_close_font_icon=\u00bb&#x32;||divi||400&#8243; dsm_icon_placement=\u00bbright\u00bb _builder_version=\u00bb4.24.0&#8243; _module_preset=\u00bbdefault\u00bb header_level=\u00bbh4&#8243; header_font=\u00bbRoboto|700|||||||\u00bb header_text_color=\u00bb#0C71C3&#8243; closed_header_font=\u00bbRoboto|700|||||||\u00bb content_font=\u00bbRoboto||||||||\u00bb background_enable_color=\u00bboff\u00bb custom_margin=\u00bb-20px||||false|false\u00bb box_shadow_style=\u00bbpreset3&#8243; global_colors_info=\u00bb{}\u00bb][dsm_faq_child dsm_title=\u00bbCuatrimestre 1&#8243; dsm_content=\u00bb<\/p>\n<ul>\n<li>\u00c1lgebra Lineal<\/li>\n<li>Qu\u00edmica B\u00e1sica<\/li>\n<li>Electricidad Y Magnetismo<\/li>\n<li>Introducci\u00f3n A La Programaci\u00f3n I4.0<\/li>\n<li>Circuitos El\u00e9ctricos<\/li>\n<li>Ingl\u00e9s I<\/li>\n<li>Expresi\u00f3n Oral Y Escrita I<\/li>\n<li>Formaci\u00f3n Sociocultural I<\/li>\n<\/ul>\n<p>\u00bb dsm_child_open_font_icon=\u00bb&#x33;||divi||400&#8243; dsm_child_close_font_icon=\u00bb&#x32;||divi||400&#8243; dsm_open_bg_color=\u00bb#FFFFFF\u00bb _builder_version=\u00bb4.24.0&#8243; _module_preset=\u00bbdefault\u00bb header_item_font=\u00bbRoboto|700|||||||\u00bb header_item_text_align=\u00bbcenter\u00bb header_item_text_color=\u00bb#000000&#8243; header_item_text_shadow_style=\u00bbpreset1&#8243; global_colors_info=\u00bb{}\u00bb parentOrderClass=\u00bbdsm_faq_0&#8243;][\/dsm_faq_child][dsm_faq_child dsm_title=\u00bbCuatrimestre 2&#8243; dsm_content=\u00bb<\/p>\n<ul>\n<li>Funciones Matem\u00e1ticas<\/li>\n<li>F\u00edsica<\/li>\n<li>Termodin\u00e1mica<\/li>\n<li>Mec\u00e1nica Industrial<\/li>\n<li>Dibujo Industrial<\/li>\n<li>Energ\u00edas Renovables<\/li>\n<li>Seguridad Industrial<\/li>\n<li>Ingl\u00e9s II<\/li>\n<li>Formaci\u00f3n Sociocultural II<\/li>\n<\/ul>\n<p>\u00bb dsm_child_open_font_icon=\u00bb&#x33;||divi||400&#8243; dsm_child_close_font_icon=\u00bb&#x32;||divi||400&#8243; dsm_open_bg_color=\u00bb#FFFFFF\u00bb _builder_version=\u00bb4.24.0&#8243; _module_preset=\u00bbdefault\u00bb header_item_font=\u00bbRoboto|700|||||||\u00bb header_item_text_align=\u00bbcenter\u00bb header_item_text_color=\u00bb#000000&#8243; header_item_text_shadow_style=\u00bbpreset1&#8243; global_colors_info=\u00bb{}\u00bb parentOrderClass=\u00bbdsm_faq_0&#8243;][\/dsm_faq_child][dsm_faq_child dsm_title=\u00bbCuatrimestre 3&#8243; dsm_content=\u00bb<\/p>\n<ul>\n<li>C\u00e1lculo Diferencial<\/li>\n<li>Probabilidad Y Estad\u00edstica<\/li>\n<li>Administraci\u00f3n De Proyectos<\/li>\n<li>Instrumentaci\u00f3n Industrial<\/li>\n<li>Mantenimiento Electromec\u00e1nico<\/li>\n<li>Instalaciones El\u00e9ctricas En Baja Tensi\u00f3n<\/li>\n<li>Calidad<\/li>\n<li>Integradora I<\/li>\n<li>Ingl\u00e9s III<\/li>\n<\/ul>\n<p>\u00bb dsm_child_open_font_icon=\u00bb&#x33;||divi||400&#8243; dsm_child_close_font_icon=\u00bb&#x32;||divi||400&#8243; dsm_open_bg_color=\u00bb#FFFFFF\u00bb _builder_version=\u00bb4.24.0&#8243; _module_preset=\u00bbdefault\u00bb header_item_font=\u00bbRoboto|700|||||||\u00bb header_item_text_align=\u00bbcenter\u00bb header_item_text_color=\u00bb#000000&#8243; header_item_text_shadow_style=\u00bbpreset1&#8243; global_colors_info=\u00bb{}\u00bb parentOrderClass=\u00bbdsm_faq_0&#8243;][\/dsm_faq_child][dsm_faq_child dsm_title=\u00bbCuatrimestre 4&#8243; dsm_content=\u00bb<\/p>\n<ul>\n<li>C\u00e1lculo Integral<\/li>\n<li>Estructura Y Propiedades De Los Materiales<\/li>\n<li>Sistemas El\u00e9ctricos<\/li>\n<li>M\u00e1quinas El\u00e9ctricas<\/li>\n<li>Electr\u00f3nica De Potencia<\/li>\n<li>Costos Y Presupuestos<\/li>\n<li>Calidad De La Energ\u00eda<\/li>\n<li>Ingl\u00e9s IV<\/li>\n<li>Formaci\u00f3n Sociocultural III<\/li>\n<\/ul>\n<p>\u00bb dsm_child_open_font_icon=\u00bb&#x33;||divi||400&#8243; dsm_child_close_font_icon=\u00bb&#x32;||divi||400&#8243; dsm_open_bg_color=\u00bb#FFFFFF\u00bb _builder_version=\u00bb4.24.0&#8243; _module_preset=\u00bbdefault\u00bb header_item_font=\u00bbRoboto|700|||||||\u00bb header_item_text_align=\u00bbcenter\u00bb header_item_text_color=\u00bb#000000&#8243; header_item_text_shadow_style=\u00bbpreset1&#8243; global_colors_info=\u00bb{}\u00bb parentOrderClass=\u00bbdsm_faq_0&#8243;][\/dsm_faq_child][dsm_faq_child dsm_title=\u00bbCuatrimestre 5&#8243; dsm_content=\u00bb<\/p>\n<ul>\n<li>Gesti\u00f3n De La Energ\u00eda<\/li>\n<li>Instalaciones El\u00e9ctricas Industriales<\/li>\n<li>Control De La Demanda<\/li>\n<li>Automatizaci\u00f3n<\/li>\n<li>Sistemas Fotovoltaicos<\/li>\n<li>Integradora II<\/li>\n<li>Ingl\u00e9s V<\/li>\n<li>Expresi\u00f3n Oral Y Escrita II<\/li>\n<\/ul>\n<p>\u00bb dsm_child_open_font_icon=\u00bb&#x33;||divi||400&#8243; dsm_child_close_font_icon=\u00bb&#x32;||divi||400&#8243; dsm_open_bg_color=\u00bb#FFFFFF\u00bb _builder_version=\u00bb4.24.0&#8243; _module_preset=\u00bbdefault\u00bb header_item_font=\u00bbRoboto|700|||||||\u00bb header_item_text_align=\u00bbcenter\u00bb header_item_text_color=\u00bb#000000&#8243; header_item_text_shadow_style=\u00bbpreset1&#8243; global_colors_info=\u00bb{}\u00bb parentOrderClass=\u00bbdsm_faq_0&#8243;][\/dsm_faq_child][dsm_faq_child dsm_title=\u00bbCuatrimestre 6&#8243; dsm_content=\u00bb<\/p>\n<ul>\n<li><span>Estad\u00eda<\/span><\/li>\n<\/ul>\n<p>\u00bb dsm_child_open_font_icon=\u00bb&#x33;||divi||400&#8243; dsm_child_close_font_icon=\u00bb&#x32;||divi||400&#8243; dsm_open_bg_color=\u00bb#FFFFFF\u00bb _builder_version=\u00bb4.24.0&#8243; _module_preset=\u00bbdefault\u00bb header_item_font=\u00bbRoboto|700|||||||\u00bb header_item_text_align=\u00bbcenter\u00bb header_item_text_color=\u00bb#000000&#8243; header_item_text_shadow_style=\u00bbpreset1&#8243; global_colors_info=\u00bb{}\u00bb parentOrderClass=\u00bbdsm_faq_0&#8243;][\/dsm_faq_child][\/dsm_faq][et_pb_text _builder_version=\u00bb4.24.0&#8243; _module_preset=\u00bbdefault\u00bb text_font=\u00bbRoboto|700|||||||\u00bb text_text_color=\u00bb#FFFFFF\u00bb text_font_size=\u00bb20px\u00bb background_color=\u00bb#237e83&#8243; text_orientation=\u00bbcenter\u00bb custom_margin=\u00bb-20px||||false|false\u00bb custom_padding=\u00bb10px||10px||true|false\u00bb global_colors_info=\u00bb{}\u00bb]<\/p>\n<p>Curso est\u00e1ndar o 1 a\u00f1o de experiencia<\/p>\n<p>[\/et_pb_text][et_pb_text _builder_version=\u00bb4.24.0&#8243; _module_preset=\u00bbdefault\u00bb text_font=\u00bbRoboto|700|||||||\u00bb text_text_color=\u00bb#FFFFFF\u00bb text_font_size=\u00bb20px\u00bb background_color=\u00bb#000000&#8243; text_orientation=\u00bbcenter\u00bb custom_margin=\u00bb-24px||||false|false\u00bb custom_padding=\u00bb10px||10px||false|false\u00bb global_colors_info=\u00bb{}\u00bb]<\/p>\n<p><span>Ingenier\u00eda<\/span> Duraci\u00f3n: 1 a\u00f1o 8 meses<\/p>\n<p>[\/et_pb_text][dsm_faq dsm_open_font_icon=\u00bb&#x33;||divi||400&#8243; dsm_close_font_icon=\u00bb&#x32;||divi||400&#8243; dsm_icon_placement=\u00bbright\u00bb _builder_version=\u00bb4.24.0&#8243; _module_preset=\u00bbdefault\u00bb header_level=\u00bbh4&#8243; header_font=\u00bbRoboto|700|||||||\u00bb header_text_color=\u00bb#0C71C3&#8243; closed_header_font=\u00bbRoboto|700|||||||\u00bb content_font=\u00bbRoboto||||||||\u00bb background_enable_color=\u00bboff\u00bb custom_margin=\u00bb-20px||||false|false\u00bb box_shadow_style=\u00bbpreset3&#8243; global_colors_info=\u00bb{}\u00bb][dsm_faq_child dsm_title=\u00bbCuatrimestre 7&#8243; dsm_content=\u00bb<\/p>\n<ul>\n<li>Matem\u00e1ticas Para Ingenier\u00eda I<\/li>\n<li>F\u00edsica Para Ingenier\u00eda<\/li>\n<li>An\u00e1lisis Y Adquisici\u00f3n De Datos<\/li>\n<li>Administraci\u00f3n De Negocios<\/li>\n<li>Ingl\u00e9s VI<\/li>\n<li>Administraci\u00f3n Del Tiempo<\/li>\n<li>Direcci\u00f3n De Equipos De Alto Rendimiento<\/li>\n<\/ul>\n<p>\u00bb dsm_child_open_font_icon=\u00bb&#x33;||divi||400&#8243; dsm_child_close_font_icon=\u00bb&#x32;||divi||400&#8243; dsm_open_bg_color=\u00bb#FFFFFF\u00bb _builder_version=\u00bb4.24.0&#8243; _module_preset=\u00bbdefault\u00bb header_item_font=\u00bbRoboto|700|||||||\u00bb header_item_text_align=\u00bbcenter\u00bb header_item_text_color=\u00bb#000000&#8243; header_item_text_shadow_style=\u00bbpreset1&#8243; global_colors_info=\u00bb{}\u00bb parentOrderClass=\u00bbdsm_faq_1&#8243;][\/dsm_faq_child][dsm_faq_child dsm_title=\u00bbCuatrimestre 8&#8243; dsm_content=\u00bb<\/p>\n<ul>\n<li>Matem\u00e1ticas Para Ingenier\u00eda II<\/li>\n<li>Dise\u00f1o De Sistemas<\/li>\n<li>Ingenier\u00eda Econ\u00f3mica<\/li>\n<li>Aire Acondicionado Y Refrigeraci\u00f3n<\/li>\n<li>Ingl\u00e9s VII<\/li>\n<li>Planeaci\u00f3n Y Organizaci\u00f3n Del Trabajo<\/li>\n<\/ul>\n<p>\u00bb dsm_child_open_font_icon=\u00bb&#x33;||divi||400&#8243; dsm_child_close_font_icon=\u00bb&#x32;||divi||400&#8243; dsm_open_bg_color=\u00bb#FFFFFF\u00bb _builder_version=\u00bb4.24.0&#8243; _module_preset=\u00bbdefault\u00bb header_item_font=\u00bbRoboto|700|||||||\u00bb header_item_text_align=\u00bbcenter\u00bb header_item_text_color=\u00bb#000000&#8243; header_item_text_shadow_style=\u00bbpreset1&#8243; global_colors_info=\u00bb{}\u00bb parentOrderClass=\u00bbdsm_faq_1&#8243;][\/dsm_faq_child][dsm_faq_child dsm_title=\u00bbCuatrimestre 9&#8243; dsm_content=\u00bb<\/p>\n<ul>\n<li>Dise\u00f1o De Proyectos De Energ\u00eda Solar<\/li>\n<li>Dise\u00f1o De Proyectos De Energ\u00eda E\u00f3lica<\/li>\n<li>Innovaci\u00f3n Tecnol\u00f3gica<\/li>\n<li>Modelado De Sistemas En Energ\u00edas Renovables<\/li>\n<li>Optativa I<\/li>\n<li>Ingl\u00e9s VIII<\/li>\n<\/ul>\n<p>\u00bb dsm_child_open_font_icon=\u00bb&#x33;||divi||400&#8243; dsm_child_close_font_icon=\u00bb&#x32;||divi||400&#8243; dsm_open_bg_color=\u00bb#FFFFFF\u00bb _builder_version=\u00bb4.24.0&#8243; _module_preset=\u00bbdefault\u00bb header_item_font=\u00bbRoboto|700|||||||\u00bb header_item_text_align=\u00bbcenter\u00bb header_item_text_color=\u00bb#000000&#8243; header_item_text_shadow_style=\u00bbpreset1&#8243; global_colors_info=\u00bb{}\u00bb parentOrderClass=\u00bbdsm_faq_1&#8243;][\/dsm_faq_child][dsm_faq_child dsm_title=\u00bbCuatrimestre 10&#8243; dsm_content=\u00bb<\/p>\n<ul>\n<li>Dise\u00f1o De Proyectos De Bioenerg\u00eda<\/li>\n<li>Estrategias De Eficiencia Energ\u00e9tica<\/li>\n<li>Legislaci\u00f3n Y Financiamiento Ambiental<\/li>\n<li>Integradora<\/li>\n<li>Optativa II<\/li>\n<li>Ingl\u00e9s IX<\/li>\n<li>Negociaci\u00f3n Empresarial<\/li>\n<\/ul>\n<p>\u00bb dsm_child_open_font_icon=\u00bb&#x33;||divi||400&#8243; dsm_child_close_font_icon=\u00bb&#x32;||divi||400&#8243; dsm_open_bg_color=\u00bb#FFFFFF\u00bb _builder_version=\u00bb4.24.0&#8243; _module_preset=\u00bbdefault\u00bb header_item_font=\u00bbRoboto|700|||||||\u00bb header_item_text_align=\u00bbcenter\u00bb header_item_text_color=\u00bb#000000&#8243; header_item_text_shadow_style=\u00bbpreset1&#8243; global_colors_info=\u00bb{}\u00bb parentOrderClass=\u00bbdsm_faq_1&#8243;][\/dsm_faq_child][dsm_faq_child dsm_title=\u00bbCuatrimestre 11&#8243; dsm_content=\u00bb<\/p>\n<ul>\n<li><span>Estad\u00eda<\/span><\/li>\n<\/ul>\n<p>\u00bb dsm_child_open_font_icon=\u00bb&#x33;||divi||400&#8243; dsm_child_close_font_icon=\u00bb&#x32;||divi||400&#8243; dsm_open_bg_color=\u00bb#FFFFFF\u00bb _builder_version=\u00bb4.24.0&#8243; _module_preset=\u00bbdefault\u00bb header_item_font=\u00bbRoboto|700|||||||\u00bb header_item_text_align=\u00bbcenter\u00bb header_item_text_color=\u00bb#000000&#8243; header_item_text_shadow_style=\u00bbpreset1&#8243; global_colors_info=\u00bb{}\u00bb parentOrderClass=\u00bbdsm_faq_1&#8243;][\/dsm_faq_child][\/dsm_faq][\/et_pb_column][et_pb_column type=\u00bb2_3&#8243; _builder_version=\u00bb4.24.0&#8243; _module_preset=\u00bbdefault\u00bb global_colors_info=\u00bb{}\u00bb][et_pb_tabs _builder_version=\u00bb4.24.0&#8243; _module_preset=\u00bbdefault\u00bb body_font=\u00bbRoboto||||||||\u00bb width_tablet=\u00bb\u00bb width_phone=\u00bb100%\u00bb width_last_edited=\u00bbon|phone\u00bb custom_margin=\u00bb||||false|false\u00bb custom_margin_tablet=\u00bb||||false|false\u00bb custom_margin_phone=\u00bb||||false|false\u00bb custom_margin_last_edited=\u00bbon|desktop\u00bb custom_padding=\u00bb|0px||0px|false|true\u00bb module_alignment_tablet=\u00bb\u00bb module_alignment_phone=\u00bb\u00bb module_alignment_last_edited=\u00bbon|phone\u00bb border_width_all=\u00bb0px\u00bb global_colors_info=\u00bb{}\u00bb][et_pb_tab title=\u00bbT\u00e9cnico Superior Universitario\u00bb _builder_version=\u00bb4.24.0&#8243; _module_preset=\u00bbdefault\u00bb custom_padding=\u00bb||||false|false\u00bb global_colors_info=\u00bb{}\u00bb][et_pb_section global_module=\"1074 \"][\/et_pb_section][\/et_pb_tab][et_pb_tab title=\u00bbIngenier\u00eda\u00bb _builder_version=\u00bb4.24.0&#8243; _module_preset=\u00bbdefault\u00bb global_colors_info=\u00bb{}\u00bb][et_pb_section global_module=\"1086 \"][\/et_pb_section][\/et_pb_tab][\/et_pb_tabs][\/et_pb_column][\/et_pb_row][\/et_pb_section]<\/p>\n","protected":false},"excerpt":{"rendered":"<p><div class=\"et_pb_module dsm_button dsm_button_0 et_pb_bg_layout_light\">\n\t\t\t\t\n\t\t\t\t\n\t\t\t\t\n\t\t\t\t\n\t\t\t\t\n\t\t\t\t\n\t\t\t\t<div class=\"et_pb_module_inner\">\n\t\t\t\t\t<div class=\"et_pb_button_module_wrappers dsm_button_0_wrapper et_pb_button_alignment_center et_pb_button_alignment_tablet_center et_pb_button_alignment_phone_center et_pb_module\">\n\t\t\t\t<a class=\"et_pb_button et_pb_button_one et_pb_bg_layout_light dsm-grow \"  href=\"index.php\/322-2\" data-dsm-lightbox-id=\"dsm_button_one_lightbox dsm_button_0\">Energ\u00edas Renovables<\/a>\n\t\t\t<\/div>\n\t\t\t\t<\/div>\n\t\t\t<\/div>PLAN DE ESTUDIOS CUATRIMESTRALT\u00e9cnico Superior Universitario Duraci\u00f3n: 2 a\u00f1os<div class=\"et_pb_module dsm_faq dsm_faq_0\">\n\t\t\t\t\n\t\t\t\t\n\t\t\t\t\n\t\t\t\t\n\t\t\t\t\n\t\t\t\t\n\t\t\t\t<div class=\"et_pb_module_inner\">\n\t\t\t\t\t<div class=\"dsm-faq-container dsm-front\" data-accordion=\"off\" data-open_first_item=\"off\">\n\t\t\t\t\n\t\t\t <\/div>\n\t\t\t \n\t\t\t\n\t\t\t\t<\/div>\n\t\t\t<\/div><div class=\"dsm_faq_child_0 dsm-faq-item-wrapper\">\n\t\t\t\t<div class=\"dsm-title-wrapper\">\n\t\t\t\t <div class=\"dsm-title-inner-wrapper\">\n\t\t\t\t   \n\t\t\t\t   \n\t\t\t\t   \n\t\t\t\t   \n\t\t\t\t   <h4 class=\"dsm-faq-title\">\u00bbCuatrimestre<\/h4>\n\t\t\t\t <\/div> \n\t\t\t\t <div class=\"dsm-faq-item-inner-wrapper\">\n\t\t\t\t   <div class=\"dsm_open_icon\"><span>3<\/span><\/div>\n\t\t\t\t   <div class=\"dsm_close_icon\"><span>2<\/span><\/div>\n\t\t\t\t   \n\t\t\t\t   \n\t\t\t\t <\/div>\n\t\t\t\t<\/div>\n\t\t\t\t<div class=\"dsm-faq-content\">\u00bb<\/div>\n\t\t\t <\/div>\n\t\t\t<\/p>\n","protected":false},"author":1,"featured_media":0,"parent":0,"menu_order":0,"comment_status":"closed","ping_status":"closed","template":"","meta":{"_et_pb_use_builder":"on","_et_pb_old_content":"","_et_gb_content_width":"","footnotes":""},"class_list":["post-1475","page","type-page","status-publish","hentry"],"jetpack_sharing_enabled":true,"_links":{"self":[{"href":"https:\/\/utc.edu.mx\/index.php\/wp-json\/wp\/v2\/pages\/1475","targetHints":{"allow":["GET"]}}],"collection":[{"href":"https:\/\/utc.edu.mx\/index.php\/wp-json\/wp\/v2\/pages"}],"about":[{"href":"https:\/\/utc.edu.mx\/index.php\/wp-json\/wp\/v2\/types\/page"}],"author":[{"embeddable":true,"href":"https:\/\/utc.edu.mx\/index.php\/wp-json\/wp\/v2\/users\/1"}],"replies":[{"embeddable":true,"href":"https:\/\/utc.edu.mx\/index.php\/wp-json\/wp\/v2\/comments?post=1475"}],"version-history":[{"count":12,"href":"https:\/\/utc.edu.mx\/index.php\/wp-json\/wp\/v2\/pages\/1475\/revisions"}],"predecessor-version":[{"id":4459,"href":"https:\/\/utc.edu.mx\/index.php\/wp-json\/wp\/v2\/pages\/1475\/revisions\/4459"}],"wp:attachment":[{"href":"https:\/\/utc.edu.mx\/index.php\/wp-json\/wp\/v2\/media?parent=1475"}],"curies":[{"name":"wp","href":"https:\/\/api.w.org\/{rel}","templated":true}]}}