{"id":1276,"date":"2024-02-14T20:17:09","date_gmt":"2024-02-14T20:17:09","guid":{"rendered":"http:\/\/10.1.1.110\/?page_id=1276"},"modified":"2024-07-19T20:54:10","modified_gmt":"2024-07-19T20:54:10","slug":"logistica","status":"publish","type":"page","link":"https:\/\/utc.edu.mx\/index.php\/logistica\/","title":{"rendered":"Logistica"},"content":{"rendered":"<p>[et_pb_section fb_built=\u00bb1&#8243; _builder_version=\u00bb4.24.0&#8243; _module_preset=\u00bbdefault\u00bb global_colors_info=\u00bb{}\u00bb da_is_popup=\u00bboff\u00bb da_exit_intent=\u00bboff\u00bb da_has_close=\u00bbon\u00bb da_alt_close=\u00bboff\u00bb da_dark_close=\u00bboff\u00bb da_not_modal=\u00bbon\u00bb da_is_singular=\u00bboff\u00bb da_with_loader=\u00bboff\u00bb da_has_shadow=\u00bbon\u00bb da_disable_devices=\u00bboff|off|off\u00bb][et_pb_row _builder_version=\u00bb4.24.0&#8243; _module_preset=\u00bbdefault\u00bb global_colors_info=\u00bb{}\u00bb][et_pb_column type=\u00bb4_4&#8243; _builder_version=\u00bb4.24.0&#8243; _module_preset=\u00bbdefault\u00bb global_colors_info=\u00bb{}\u00bb][et_pb_image src=\u00bbhttp:\/\/10.1.1.110\/wp-content\/uploads\/2024\/02\/CINTILLA-LICENCIATURAS-OFERTA-EDUCATIVA.png\u00bb title_text=\u00bbCINTILLA LICENCIATURAS OFERTA EDUCATIVA\u00bb _builder_version=\u00bb4.24.0&#8243; _module_preset=\u00bbdefault\u00bb width=\u00bb70%\u00bb width_tablet=\u00bb100%\u00bb width_phone=\u00bb100%\u00bb width_last_edited=\u00bbon|tablet\u00bb min_height=\u00bb100px\u00bb global_colors_info=\u00bb{}\u00bb][\/et_pb_image][\/et_pb_column][\/et_pb_row][et_pb_row column_structure=\u00bb1_3,2_3&#8243; use_custom_gutter=\u00bbon\u00bb gutter_width=\u00bb1&#8243; make_equal=\u00bbon\u00bb _builder_version=\u00bb4.24.0&#8243; _module_preset=\u00bbdefault\u00bb background_enable_color=\u00bboff\u00bb width=\u00bb100%\u00bb width_tablet=\u00bb70%\u00bb width_phone=\u00bb\u00bb width_last_edited=\u00bbon|phone\u00bb custom_margin=\u00bb-80px||||false|false\u00bb custom_margin_tablet=\u00bb-50px||||false|false\u00bb custom_margin_phone=\u00bb-15px||||false|false\u00bb custom_margin_last_edited=\u00bbon|phone\u00bb custom_padding=\u00bb0px||||false|false\u00bb global_colors_info=\u00bb{}\u00bb][et_pb_column type=\u00bb1_3&#8243; _builder_version=\u00bb4.24.0&#8243; _module_preset=\u00bbdefault\u00bb global_colors_info=\u00bb{}\u00bb][et_pb_image src=\u00bbhttps:\/\/utc.edu.mx\/wp-content\/uploads\/2024\/07\/PRINCIPAL-LOGISTICA-NUEVA-scaled.jpg\u00bb title_text=\u00bbPRINCIPAL LOGISTICA NUEVA\u00bb _builder_version=\u00bb4.27.0&#8243; _module_preset=\u00bbdefault\u00bb custom_margin=\u00bb-50px||||false|false\u00bb hover_enabled=\u00bb0&#8243; global_colors_info=\u00bb{}\u00bb sticky_enabled=\u00bb0&#8243;][\/et_pb_image][\/et_pb_column][et_pb_column type=\u00bb2_3&#8243; _builder_version=\u00bb4.24.0&#8243; _module_preset=\u00bbdefault\u00bb global_colors_info=\u00bb{}\u00bb][et_pb_image src=\u00bbhttps:\/\/utc.edu.mx\/wp-content\/uploads\/2024\/07\/banner-LOGISTICA-ACTUAL.jpg\u00bb title_text=\u00bbbanner LOGISTICA ACTUAL\u00bb force_fullwidth=\u00bbon\u00bb _builder_version=\u00bb4.27.0&#8243; _module_preset=\u00bbdefault\u00bb background_enable_color=\u00bboff\u00bb width_tablet=\u00bb112%\u00bb width_phone=\u00bb100%\u00bb width_last_edited=\u00bbon|phone\u00bb module_alignment=\u00bbleft\u00bb min_height=\u00bb208px\u00bb min_height_tablet=\u00bb89px\u00bb min_height_phone=\u00bb87px\u00bb min_height_last_edited=\u00bbon|tablet\u00bb height=\u00bb127px\u00bb custom_margin=\u00bb-50px||||false|false\u00bb custom_margin_tablet=\u00bb-59px|||0px|false|false\u00bb custom_margin_phone=\u00bb|||0px|false|false\u00bb custom_margin_last_edited=\u00bbon|tablet\u00bb custom_padding=\u00bb||||false|false\u00bb hover_enabled=\u00bb0&#8243; module_alignment_tablet=\u00bbleft\u00bb module_alignment_phone=\u00bbleft\u00bb module_alignment_last_edited=\u00bbon|desktop\u00bb global_colors_info=\u00bb{}\u00bb sticky_enabled=\u00bb0&#8243;][\/et_pb_image][dsm_button button_one_text=\u00bbDise\u00f1o y Gesti\u00f3n de Redes Log\u00edsticas\u00bb button_one_url=\u00bbindex.php\/322-2&#8243; button_alignment_tablet=\u00bbcenter\u00bb button_alignment_phone=\u00bbcenter\u00bb button_alignment_last_edited=\u00bbon|phone\u00bb _builder_version=\u00bb4.27.0&#8243; _module_preset=\u00bbdefault\u00bb separator_text_font=\u00bb|700|||||||\u00bb button_one_text_size=\u00bb27px\u00bb button_one_text_color=\u00bb#000000&#8243; button_one_bg_color=\u00bb#e6e6e6&#8243; button_one_border_radius=\u00bb0px\u00bb button_one_custom_margin=\u00bb-20px|||-2px|false|false\u00bb button_one_custom_margin_tablet=\u00bb-39px|-11px||-11px|false|false\u00bb button_one_custom_margin_phone=\u00bb|||0px|false|false\u00bb button_one_custom_margin_last_edited=\u00bbon|tablet\u00bb button_one_custom_padding=\u00bb20px|102px||165px|false|false\u00bb button_one_custom_padding_tablet=\u00bb24px|95px||95px|false|false\u00bb button_one_custom_padding_phone=\u00bb|80px||80px|false|false\u00bb button_one_custom_padding_last_edited=\u00bbon|phone\u00bb hover_enabled=\u00bb0&#8243; button_one_text_size_tablet=\u00bb20px\u00bb button_one_text_size_phone=\u00bb18px\u00bb button_one_text_size_last_edited=\u00bbon|phone\u00bb global_colors_info=\u00bb{}\u00bb sticky_enabled=\u00bb0&#8243;][\/dsm_button][\/et_pb_column][\/et_pb_row][et_pb_row column_structure=\u00bb1_3,2_3&#8243; _builder_version=\u00bb4.24.0&#8243; _module_preset=\u00bbdefault\u00bb global_colors_info=\u00bb{}\u00bb][et_pb_column type=\u00bb1_3&#8243; _builder_version=\u00bb4.24.0&#8243; _module_preset=\u00bbdefault\u00bb global_colors_info=\u00bb{}\u00bb][et_pb_text _builder_version=\u00bb4.24.0&#8243; _module_preset=\u00bbdefault\u00bb text_font=\u00bbRoboto|700|||||||\u00bb text_text_color=\u00bb#FFFFFF\u00bb text_font_size=\u00bb20px\u00bb background_color=\u00bb#005a3e\u00bb text_orientation=\u00bbcenter\u00bb custom_margin=\u00bb-30px||||false|false\u00bb custom_padding=\u00bb10px||10px||true|false\u00bb global_colors_info=\u00bb{}\u00bb]<\/p>\n<p>PLAN DE ESTUDIOS CUATRIMESTRAL<\/p>\n<p>[\/et_pb_text][et_pb_text _builder_version=\u00bb4.24.0&#8243; _module_preset=\u00bbdefault\u00bb text_font=\u00bbRoboto|700|||||||\u00bb text_text_color=\u00bb#FFFFFF\u00bb text_font_size=\u00bb20px\u00bb background_color=\u00bb#000000&#8243; text_orientation=\u00bbcenter\u00bb custom_margin=\u00bb-24px||||false|false\u00bb custom_padding=\u00bb10px||10px||false|false\u00bb global_colors_info=\u00bb{}\u00bb]<\/p>\n<p>T\u00e9cnico Superior Universitario Duraci\u00f3n: 2 a\u00f1os<\/p>\n<p>[\/et_pb_text][dsm_faq dsm_open_font_icon=\u00bb&#x33;||divi||400&#8243; dsm_close_font_icon=\u00bb&#x32;||divi||400&#8243; dsm_icon_placement=\u00bbright\u00bb _builder_version=\u00bb4.24.0&#8243; _module_preset=\u00bbdefault\u00bb header_level=\u00bbh4&#8243; header_font=\u00bbRoboto|700|||||||\u00bb header_text_color=\u00bb#0C71C3&#8243; closed_header_font=\u00bbRoboto|700|||||||\u00bb content_font=\u00bbRoboto||||||||\u00bb background_enable_color=\u00bboff\u00bb custom_margin=\u00bb-20px||||false|false\u00bb box_shadow_style=\u00bbpreset3&#8243; global_colors_info=\u00bb{}\u00bb][dsm_faq_child dsm_title=\u00bbCuatrimestre 1&#8243; dsm_content=\u00bb<\/p>\n<ul>\n<li>Matem\u00e1ticas<\/li>\n<li>Introducci\u00f3n a la Log\u00edstica<\/li>\n<li>Almac\u00e9n<\/li>\n<li>Fundamentos de Administraci\u00f3n<\/li>\n<li>Fundamentos de Inventarios<\/li>\n<li>Inform\u00e1tica<\/li>\n<li>Ingl\u00e9s I<\/li>\n<li>Expresi\u00f3n Oral y Escrita I<\/li>\n<li>Formaci\u00f3n Sociocultural I<\/li>\n<\/ul>\n<p>\u00bb dsm_child_open_font_icon=\u00bb&#x33;||divi||400&#8243; dsm_child_close_font_icon=\u00bb&#x32;||divi||400&#8243; dsm_open_bg_color=\u00bb#FFFFFF\u00bb _builder_version=\u00bb4.24.0&#8243; _module_preset=\u00bbdefault\u00bb header_item_font=\u00bbRoboto|700|||||||\u00bb header_item_text_align=\u00bbcenter\u00bb header_item_text_color=\u00bb#000000&#8243; header_item_text_shadow_style=\u00bbpreset1&#8243; global_colors_info=\u00bb{}\u00bb parentOrderClass=\u00bbdsm_faq_0&#8243;][\/dsm_faq_child][dsm_faq_child dsm_title=\u00bbCuatrimestre 2&#8243; dsm_content=\u00bb<\/p>\n<ul>\n<li>Modelos Matem\u00e1ticos<\/li>\n<li>Log\u00edstica<\/li>\n<li>Compras<\/li>\n<li>Costos<\/li>\n<li>Manejo de la Carga<\/li>\n<li>Fundamentos de Comercio Internacional<\/li>\n<li>Control de Inventarios<\/li>\n<li>Ingl\u00e9s II<\/li>\n<li>Formaci\u00f3n Sociocultural II<\/li>\n<\/ul>\n<p>\u00bb dsm_child_open_font_icon=\u00bb&#x33;||divi||400&#8243; dsm_child_close_font_icon=\u00bb&#x32;||divi||400&#8243; dsm_open_bg_color=\u00bb#FFFFFF\u00bb _builder_version=\u00bb4.24.0&#8243; _module_preset=\u00bbdefault\u00bb header_item_font=\u00bbRoboto|700|||||||\u00bb header_item_text_align=\u00bbcenter\u00bb header_item_text_color=\u00bb#000000&#8243; header_item_text_shadow_style=\u00bbpreset1&#8243; global_colors_info=\u00bb{}\u00bb parentOrderClass=\u00bbdsm_faq_0&#8243;][\/dsm_faq_child][dsm_faq_child dsm_title=\u00bbCuatrimestre 3&#8243; dsm_content=\u00bb<\/p>\n<ul>\n<li>Estad\u00edstica<\/li>\n<li>Transporte<\/li>\n<li>Tr\u00e1fico<\/li>\n<li>Presupuestos<\/li>\n<li>Gesti\u00f3n de Almac\u00e9n<\/li>\n<li>Marco Regulatorio de Comercio Internacional<\/li>\n<li>Calidad<\/li>\n<li>Integradora I<\/li>\n<li>Ingl\u00e9s III<\/li>\n<li>Formaci\u00f3n Sociocultural III<\/li>\n<\/ul>\n<p>\u00bb dsm_child_open_font_icon=\u00bb&#x33;||divi||400&#8243; dsm_child_close_font_icon=\u00bb&#x32;||divi||400&#8243; dsm_open_bg_color=\u00bb#FFFFFF\u00bb _builder_version=\u00bb4.24.0&#8243; _module_preset=\u00bbdefault\u00bb header_item_font=\u00bbRoboto|700|||||||\u00bb header_item_text_align=\u00bbcenter\u00bb header_item_text_color=\u00bb#000000&#8243; header_item_text_shadow_style=\u00bbpreset1&#8243; global_colors_info=\u00bb{}\u00bb parentOrderClass=\u00bbdsm_faq_0&#8243;][\/dsm_faq_child][dsm_faq_child dsm_title=\u00bbCuatrimestre 4&#8243; dsm_content=\u00bb<\/p>\n<ul>\n<li>Indicadores de Desempe\u00f1o<\/li>\n<li>Infraestructura Log\u00edstica<\/li>\n<li>Embalaje y Etiquetado<\/li>\n<li>Administraci\u00f3n de Materiales de la Producci\u00f3n<\/li>\n<li>Administraci\u00f3n de Inventarios de la Cadena de Suministros<\/li>\n<li>Calidad Aplicada<\/li>\n<li>Ingl\u00e9s IV<\/li>\n<li>Formaci\u00f3n Sociocultural IV<\/li>\n<\/ul>\n<p>\u00bb dsm_child_open_font_icon=\u00bb&#x33;||divi||400&#8243; dsm_child_close_font_icon=\u00bb&#x32;||divi||400&#8243; dsm_open_bg_color=\u00bb#FFFFFF\u00bb _builder_version=\u00bb4.24.0&#8243; _module_preset=\u00bbdefault\u00bb header_item_font=\u00bbRoboto|700|||||||\u00bb header_item_text_align=\u00bbcenter\u00bb header_item_text_color=\u00bb#000000&#8243; header_item_text_shadow_style=\u00bbpreset1&#8243; global_colors_info=\u00bb{}\u00bb parentOrderClass=\u00bbdsm_faq_0&#8243;][\/dsm_faq_child][dsm_faq_child dsm_title=\u00bbCuatrimestre 5&#8243; dsm_content=\u00bb<\/p>\n<ul>\n<li>Matem\u00e1ticas Financieras<\/li>\n<li>Gesti\u00f3n de la Cadena de Suministro<\/li>\n<li>Redes de Abastecimiento<\/li>\n<li>Operaciones de Comercio Exterior<\/li>\n<li>Integradora II<\/li>\n<li>Ingl\u00e9s V<\/li>\n<li>Expresi\u00f3n Oral y Escrita II<\/li>\n<\/ul>\n<p>\u00bb dsm_child_open_font_icon=\u00bb&#x33;||divi||400&#8243; dsm_child_close_font_icon=\u00bb&#x32;||divi||400&#8243; dsm_open_bg_color=\u00bb#FFFFFF\u00bb _builder_version=\u00bb4.24.0&#8243; _module_preset=\u00bbdefault\u00bb header_item_font=\u00bbRoboto|700|||||||\u00bb header_item_text_align=\u00bbcenter\u00bb header_item_text_color=\u00bb#000000&#8243; header_item_text_shadow_style=\u00bbpreset1&#8243; global_colors_info=\u00bb{}\u00bb parentOrderClass=\u00bbdsm_faq_0&#8243;][\/dsm_faq_child][dsm_faq_child dsm_title=\u00bbCuatrimestre 6&#8243; dsm_content=\u00bb<\/p>\n<ul>\n<li><span>Estad\u00eda<\/span><\/li>\n<\/ul>\n<p>\u00bb dsm_child_open_font_icon=\u00bb&#x33;||divi||400&#8243; dsm_child_close_font_icon=\u00bb&#x32;||divi||400&#8243; dsm_open_bg_color=\u00bb#FFFFFF\u00bb _builder_version=\u00bb4.24.0&#8243; _module_preset=\u00bbdefault\u00bb header_item_font=\u00bbRoboto|700|||||||\u00bb header_item_text_align=\u00bbcenter\u00bb header_item_text_color=\u00bb#000000&#8243; header_item_text_shadow_style=\u00bbpreset1&#8243; global_colors_info=\u00bb{}\u00bb parentOrderClass=\u00bbdsm_faq_0&#8243;][\/dsm_faq_child][\/dsm_faq][et_pb_text _builder_version=\u00bb4.24.0&#8243; _module_preset=\u00bbdefault\u00bb text_font=\u00bbRoboto|700|||||||\u00bb text_text_color=\u00bb#FFFFFF\u00bb text_font_size=\u00bb20px\u00bb background_color=\u00bb#237e83&#8243; text_orientation=\u00bbcenter\u00bb custom_margin=\u00bb-20px||||false|false\u00bb custom_padding=\u00bb10px||10px||true|false\u00bb global_colors_info=\u00bb{}\u00bb]<\/p>\n<p>Curso est\u00e1ndar o 1 a\u00f1o de experiencia<\/p>\n<p>[\/et_pb_text][et_pb_text _builder_version=\u00bb4.24.0&#8243; _module_preset=\u00bbdefault\u00bb text_font=\u00bbRoboto|700|||||||\u00bb text_text_color=\u00bb#FFFFFF\u00bb text_font_size=\u00bb20px\u00bb background_color=\u00bb#000000&#8243; text_orientation=\u00bbcenter\u00bb custom_margin=\u00bb-24px||||false|false\u00bb custom_padding=\u00bb10px||10px||false|false\u00bb global_colors_info=\u00bb{}\u00bb]<\/p>\n<p>Licenciatura Duraci\u00f3n: 1 a\u00f1o 8 meses<\/p>\n<p>[\/et_pb_text][dsm_faq dsm_open_font_icon=\u00bb&#x33;||divi||400&#8243; dsm_close_font_icon=\u00bb&#x32;||divi||400&#8243; dsm_icon_placement=\u00bbright\u00bb _builder_version=\u00bb4.24.0&#8243; _module_preset=\u00bbdefault\u00bb header_level=\u00bbh4&#8243; header_font=\u00bbRoboto|700|||||||\u00bb header_text_color=\u00bb#0C71C3&#8243; closed_header_font=\u00bbRoboto|700|||||||\u00bb content_font=\u00bbRoboto||||||||\u00bb background_enable_color=\u00bboff\u00bb custom_margin=\u00bb-20px||||false|false\u00bb box_shadow_style=\u00bbpreset3&#8243; global_colors_info=\u00bb{}\u00bb][dsm_faq_child dsm_title=\u00bbCuatrimestre 7&#8243; dsm_content=\u00bb<\/p>\n<ul>\n<li>Control Estad\u00edstico de Procesos<\/li>\n<li>Tendencias en la Cadena de Suministros<\/li>\n<li>Investigaci\u00f3n de Operaciones<\/li>\n<li>Administraci\u00f3n de Operaciones<\/li>\n<li>Ingl\u00e9s VI<\/li>\n<li>Administraci\u00f3n del Tiempo<\/li>\n<\/ul>\n<p>\u00bb dsm_child_open_font_icon=\u00bb&#x33;||divi||400&#8243; dsm_child_close_font_icon=\u00bb&#x32;||divi||400&#8243; dsm_open_bg_color=\u00bb#FFFFFF\u00bb _builder_version=\u00bb4.24.0&#8243; _module_preset=\u00bbdefault\u00bb header_item_font=\u00bbRoboto|700|||||||\u00bb header_item_text_align=\u00bbcenter\u00bb header_item_text_color=\u00bb#000000&#8243; header_item_text_shadow_style=\u00bbpreset1&#8243; global_colors_info=\u00bb{}\u00bb parentOrderClass=\u00bbdsm_faq_1&#8243;][\/dsm_faq_child][dsm_faq_child dsm_title=\u00bbCuatrimestre 8&#8243; dsm_content=\u00bb<\/p>\n<ul>\n<li>Administraci\u00f3n de Transporte<\/li>\n<li>Estrategias Log\u00edsticas de Distribuci\u00f3n<\/li>\n<li>Dise\u00f1o e Redes de Suministros<\/li>\n<li>Transporte Especializado<\/li>\n<li>Ingl\u00e9s VII<\/li>\n<li>Planeaci\u00f3n y Organizaci\u00f3n del Trabajo<\/li>\n<\/ul>\n<p>\u00bb dsm_child_open_font_icon=\u00bb&#x33;||divi||400&#8243; dsm_child_close_font_icon=\u00bb&#x32;||divi||400&#8243; dsm_open_bg_color=\u00bb#FFFFFF\u00bb _builder_version=\u00bb4.24.0&#8243; _module_preset=\u00bbdefault\u00bb header_item_font=\u00bbRoboto|700|||||||\u00bb header_item_text_align=\u00bbcenter\u00bb header_item_text_color=\u00bb#000000&#8243; header_item_text_shadow_style=\u00bbpreset1&#8243; global_colors_info=\u00bb{}\u00bb parentOrderClass=\u00bbdsm_faq_1&#8243;][\/dsm_faq_child][dsm_faq_child dsm_title=\u00bbCuatrimestre 9&#8243; dsm_content=\u00bb<\/p>\n<ul>\n<li>Administraci\u00f3n Estrat\u00e9gica<\/li>\n<li>Seguridad de la Cadena de Suministros<\/li>\n<li>Planeaci\u00f3n de Redes de Suministros<\/li>\n<li>Gesti\u00f3n de Comercio Exterior<\/li>\n<li>Log\u00edstica Internacional.<\/li>\n<li>Ingl\u00e9s VIII<\/li>\n<li>Direcci\u00f3n de Equipos de Alto Rendimiento<\/li>\n<\/ul>\n<p>\u00bb dsm_child_open_font_icon=\u00bb&#x33;||divi||400&#8243; dsm_child_close_font_icon=\u00bb&#x32;||divi||400&#8243; dsm_open_bg_color=\u00bb#FFFFFF\u00bb _builder_version=\u00bb4.24.0&#8243; _module_preset=\u00bbdefault\u00bb header_item_font=\u00bbRoboto|700|||||||\u00bb header_item_text_align=\u00bbcenter\u00bb header_item_text_color=\u00bb#000000&#8243; header_item_text_shadow_style=\u00bbpreset1&#8243; global_colors_info=\u00bb{}\u00bb parentOrderClass=\u00bbdsm_faq_1&#8243;][\/dsm_faq_child][dsm_faq_child dsm_title=\u00bbCuatrimestre 10&#8243; dsm_content=\u00bb<\/p>\n<ul>\n<li>Evaluaci\u00f3n Econ\u00f3mico Financiera<\/li>\n<li>Evaluaci\u00f3n de la Cadena de Suministros<\/li>\n<li>Simulaci\u00f3n de Redes de Suministros<\/li>\n<li>Relaciones en la Cadena de Suministros<\/li>\n<li>Integradora<\/li>\n<li>Ingl\u00e9s IX<\/li>\n<li>Negociaci\u00f3n Empresarial<\/li>\n<\/ul>\n<p>\u00bb dsm_child_open_font_icon=\u00bb&#x33;||divi||400&#8243; dsm_child_close_font_icon=\u00bb&#x32;||divi||400&#8243; dsm_open_bg_color=\u00bb#FFFFFF\u00bb _builder_version=\u00bb4.24.0&#8243; _module_preset=\u00bbdefault\u00bb header_item_font=\u00bbRoboto|700|||||||\u00bb header_item_text_align=\u00bbcenter\u00bb header_item_text_color=\u00bb#000000&#8243; header_item_text_shadow_style=\u00bbpreset1&#8243; global_colors_info=\u00bb{}\u00bb parentOrderClass=\u00bbdsm_faq_1&#8243;][\/dsm_faq_child][dsm_faq_child dsm_title=\u00bbCuatrimestre 11&#8243; dsm_content=\u00bb<\/p>\n<ul>\n<li><span>Estad\u00eda<\/span><\/li>\n<\/ul>\n<p>\u00bb dsm_child_open_font_icon=\u00bb&#x33;||divi||400&#8243; dsm_child_close_font_icon=\u00bb&#x32;||divi||400&#8243; dsm_open_bg_color=\u00bb#FFFFFF\u00bb _builder_version=\u00bb4.24.0&#8243; _module_preset=\u00bbdefault\u00bb header_item_font=\u00bbRoboto|700|||||||\u00bb header_item_text_align=\u00bbcenter\u00bb header_item_text_color=\u00bb#000000&#8243; header_item_text_shadow_style=\u00bbpreset1&#8243; global_colors_info=\u00bb{}\u00bb parentOrderClass=\u00bbdsm_faq_1&#8243;][\/dsm_faq_child][\/dsm_faq][\/et_pb_column][et_pb_column type=\u00bb2_3&#8243; _builder_version=\u00bb4.24.0&#8243; _module_preset=\u00bbdefault\u00bb global_colors_info=\u00bb{}\u00bb][et_pb_tabs _builder_version=\u00bb4.24.0&#8243; _module_preset=\u00bbdefault\u00bb body_font=\u00bbRoboto||||||||\u00bb width_tablet=\u00bb\u00bb width_phone=\u00bb100%\u00bb width_last_edited=\u00bbon|phone\u00bb custom_margin=\u00bb||||false|false\u00bb custom_margin_tablet=\u00bb||||false|false\u00bb custom_margin_phone=\u00bb||||false|false\u00bb custom_margin_last_edited=\u00bbon|desktop\u00bb custom_padding=\u00bb|0px||0px|false|true\u00bb module_alignment_tablet=\u00bb\u00bb module_alignment_phone=\u00bb\u00bb module_alignment_last_edited=\u00bbon|phone\u00bb border_width_all=\u00bb0px\u00bb global_colors_info=\u00bb{}\u00bb][et_pb_tab title=\u00bbT\u00e9cnico Superior Universitario\u00bb _builder_version=\u00bb4.24.0&#8243; _module_preset=\u00bbdefault\u00bb custom_padding=\u00bb||||false|false\u00bb global_colors_info=\u00bb{}\u00bb][et_pb_section global_module=\"1865 \"][\/et_pb_section][\/et_pb_tab][et_pb_tab title=\u00bbLicenciatura\u00bb _builder_version=\u00bb4.24.0&#8243; _module_preset=\u00bbdefault\u00bb global_colors_info=\u00bb{}\u00bb][et_pb_section global_module=\"933 \"][\/et_pb_section][\/et_pb_tab][\/et_pb_tabs][\/et_pb_column][\/et_pb_row][\/et_pb_section]<\/p>\n","protected":false},"excerpt":{"rendered":"<p><div class=\"et_pb_module dsm_button dsm_button_0 et_pb_bg_layout_light\">\n\t\t\t\t\n\t\t\t\t\n\t\t\t\t\n\t\t\t\t\n\t\t\t\t\n\t\t\t\t\n\t\t\t\t<div class=\"et_pb_module_inner\">\n\t\t\t\t\t<div class=\"et_pb_button_module_wrappers dsm_button_0_wrapper et_pb_button_alignment_center et_pb_button_alignment_tablet_center et_pb_button_alignment_phone_center et_pb_module\">\n\t\t\t\t<a class=\"et_pb_button et_pb_button_one et_pb_bg_layout_light dsm-grow \"  href=\"index.php\/322-2\" data-dsm-lightbox-id=\"dsm_button_one_lightbox dsm_button_0\">Dise\u00f1o y Gesti\u00f3n de Redes Log\u00edsticas<\/a>\n\t\t\t<\/div>\n\t\t\t\t<\/div>\n\t\t\t<\/div>PLAN DE ESTUDIOS CUATRIMESTRALT\u00e9cnico Superior Universitario Duraci\u00f3n: 2 a\u00f1os<div class=\"et_pb_module dsm_faq dsm_faq_0\">\n\t\t\t\t\n\t\t\t\t\n\t\t\t\t\n\t\t\t\t\n\t\t\t\t\n\t\t\t\t\n\t\t\t\t<div class=\"et_pb_module_inner\">\n\t\t\t\t\t<div class=\"dsm-faq-container dsm-front\" data-accordion=\"off\" data-open_first_item=\"off\">\n\t\t\t\t\n\t\t\t <\/div>\n\t\t\t \n\t\t\t\n\t\t\t\t<\/div>\n\t\t\t<\/div><div class=\"dsm_faq_child_0 dsm-faq-item-wrapper\">\n\t\t\t\t<div class=\"dsm-title-wrapper\">\n\t\t\t\t <div class=\"dsm-title-inner-wrapper\">\n\t\t\t\t   \n\t\t\t\t   \n\t\t\t\t   \n\t\t\t\t   \n\t\t\t\t   <h4 class=\"dsm-faq-title\">\u00bbCuatrimestre<\/h4>\n\t\t\t\t <\/div> \n\t\t\t\t <div class=\"dsm-faq-item-inner-wrapper\">\n\t\t\t\t   <div class=\"dsm_open_icon\"><span>3<\/span><\/div>\n\t\t\t\t   <div class=\"dsm_close_icon\"><span>2<\/span><\/div>\n\t\t\t\t   \n\t\t\t\t   \n\t\t\t\t <\/div>\n\t\t\t\t<\/div>\n\t\t\t\t\n\t\t\t <\/div>\n\t\t\t<\/p>\n","protected":false},"author":1,"featured_media":0,"parent":0,"menu_order":0,"comment_status":"closed","ping_status":"closed","template":"","meta":{"_et_pb_use_builder":"on","_et_pb_old_content":"","_et_gb_content_width":"","footnotes":""},"class_list":["post-1276","page","type-page","status-publish","hentry"],"jetpack_sharing_enabled":true,"_links":{"self":[{"href":"https:\/\/utc.edu.mx\/index.php\/wp-json\/wp\/v2\/pages\/1276","targetHints":{"allow":["GET"]}}],"collection":[{"href":"https:\/\/utc.edu.mx\/index.php\/wp-json\/wp\/v2\/pages"}],"about":[{"href":"https:\/\/utc.edu.mx\/index.php\/wp-json\/wp\/v2\/types\/page"}],"author":[{"embeddable":true,"href":"https:\/\/utc.edu.mx\/index.php\/wp-json\/wp\/v2\/users\/1"}],"replies":[{"embeddable":true,"href":"https:\/\/utc.edu.mx\/index.php\/wp-json\/wp\/v2\/comments?post=1276"}],"version-history":[{"count":13,"href":"https:\/\/utc.edu.mx\/index.php\/wp-json\/wp\/v2\/pages\/1276\/revisions"}],"predecessor-version":[{"id":4455,"href":"https:\/\/utc.edu.mx\/index.php\/wp-json\/wp\/v2\/pages\/1276\/revisions\/4455"}],"wp:attachment":[{"href":"https:\/\/utc.edu.mx\/index.php\/wp-json\/wp\/v2\/media?parent=1276"}],"curies":[{"name":"wp","href":"https:\/\/api.w.org\/{rel}","templated":true}]}}